{"id":2322,"date":"2020-04-16T00:43:03","date_gmt":"2020-04-15T22:43:03","guid":{"rendered":"https:\/\/plant.unahrt.de\/?page_id=2322"},"modified":"2022-01-17T14:26:09","modified_gmt":"2022-01-17T13:26:09","slug":"impressum","status":"publish","type":"page","link":"https:\/\/biooekonomie.uni-greifswald.de\/en\/impressum\/","title":{"rendered":"Impressum"},"content":{"rendered":"<h2 class=\"p1\"><span class=\"s1\"><b>Impressum<\/b><\/span><\/h2>\n<p>&nbsp;<\/p>\n<p class=\"p2\"><span class=\"s1\"><b>Herausgeberin<\/b><br \/>\nUniversit\u00e4t Greifswald<br \/>\nGesetzlich vertreten durch die Rektorin<br \/>\n<i>Postanschrift:<\/i><b>\u00a0<\/b><br \/>\n17487 Greifswald<br \/>\n<i>Hausanschrift:\u00a0<\/i><br \/>\nDomstra\u00dfe 11, Eingang 2<br \/>\n17489 Greifswald<br \/>\nTelefon +49 3834 420 0<br \/>\nTelefax +49 3834 420 1105<br \/>\n<\/span><span class=\"s2\">rektorin@uni-greifswald.de<\/span><span class=\"s1\"><br \/>\nUmsatzsteuer-ID-Nummer: DE 137 584 813<\/span><\/p>\n<p>&nbsp;<\/p>\n<p class=\"p2\"><span class=\"s1\"><b>Aufsichtsbeh\u00f6rde<br \/>\n<\/b>Ministerium f\u00fcr Wissenschaft, Kultur, Bundes- und Europaangelegenheiten Mecklenburg-Vorpommern<br \/>\nSchlo\u00dfstra\u00dfe 6-8<br \/>\n19053 Schwerin<br \/>\nTelefon: +49 385 588-0<br \/>\nTelefax: +49 385 588-18099<br \/>\n<a href=\"mailto:poststelle@em.mv-regierung.de\" target=\"_blank\" rel=\"noopener noreferrer\">poststelle@em.mv-regierung.de<\/a><b><br \/>\n<\/b><\/span><\/p>\n<p>&nbsp;<\/p>\n<p class=\"p2\"><span class=\"s1\"><b>Redaktionell verantwortlich gem\u00e4\u00df \u00a7 55 Abs. 2 RStV<br \/>\n<\/b><\/span><span class=\"s1\">Dr. Christian Theel<br \/>\nInnovationsmanagement Plant\u00b3<\/span><\/p>\n<p class=\"p2\"><span class=\"s1\">Universit\u00e4t Greifswald<br \/>\nZentrum f\u00fcr Forschungsf\u00f6rderung und Transfer<br \/>\nWollweberstra\u00dfe 1<br \/>\n17489 Greifswald<br \/>\nChristian Theel, Telefon +49 3834 420 1171<br \/>\n<a href=\"mailto:plant3@uni-greifswald.de\"><span class=\"s3\">plant3@uni-greifswald.de<\/span><\/a>\u00a0<\/span><\/p>\n<p>&nbsp;<\/p>\n<p class=\"p2\"><span class=\"s1\"><b>Webdesign<br \/>\n<\/b><\/span><span class=\"s1\">Anja L\u00fcck-Lewerenz<br \/>\nUNA[H]RT DESIGN<br \/>\n017643853141<br \/>\nAm Markt 3<br \/>\n17489 Greifswald<br \/>\n<a href=\"http:\/\/www.unahrt.de\"><span class=\"s3\">www.unahrt.de<\/span><\/a><br \/>\n<a href=\"mailto:info@unahrt.de\"><span class=\"s3\">info@unahrt.de<\/span><\/a><\/span><\/p>\n<p>&nbsp;<\/p>\n<p class=\"p2\"><span class=\"s1\"><b>Bildnachweis<\/b><br \/>\nFotos: <i>Tobias Dahms, Kilian Dorner, Till Junker, Jan Me\u00dferschmidt, Magnus Schult, pixabay, VISUV\u2026<\/i><\/span><\/p>\n<p class=\"p2\"><span class=\"s1\"><br \/>\n<b>Webmaster<\/b><br \/>\nTechnische Fragen und Anregungen zur Bedienung der Website schicken Sie bitte an:<br \/>\n<\/span><span class=\"s2\">webmaster@uni-greifswald.de<\/span><\/p>\n<p class=\"p2\"><span class=\"s1\"><br \/>\n<b>1. Geltungsbereich<\/b><br \/>\nDieses Impressum gilt f\u00fcr die Webseite, die durch dieses Impressum gekennzeichnet und die \u00fcber die URL <a href=\"http:\/\/www.plant3.de\"><span class=\"s3\">www.plant3.de<\/span><\/a> sowie <a href=\"http:\/\/www.biooekonomie-vorpommern.de\"><span class=\"s3\">www.biooekonomie-vorpommern.de<\/span><\/a> erreichbar ist.<\/span><\/p>\n<p class=\"p2\"><span class=\"s1\"><br \/>\n<b>2. Inhalt des Onlineangebotes<\/b><br \/>\nDie Universit\u00e4t Greifswald \u00fcbernimmt keinerlei Gew\u00e4hr f\u00fcr die Aktualit\u00e4t, Korrektheit, Vollst\u00e4ndigkeit oder Qualit\u00e4t der bereitgestellten Informationen. Haftungsanspr\u00fcche gegen die Universit\u00e4t, die sich auf Sch\u00e4den materieller oder ideeller Art beziehen, die durch die Nutzung oder Nichtnutzung der dargebotenen Informationen bzw. durch die Nutzung fehlerhafter und unvollst\u00e4ndiger Informationen verursacht wurden, sind grunds\u00e4tzlich ausgeschlossen, sofern seitens der Universit\u00e4t kein nachweislich vors\u00e4tzliches oder grob fahrl\u00e4ssiges Verschulden vorliegt.<br \/>\nAlle Angebote sind freibleibend und unverbindlich. Die Universit\u00e4t beh\u00e4lt es sich ausdr\u00fccklich vor, Teile der Seiten oder das gesamte Angebot ohne gesonderte Ank\u00fcndigung zu ver\u00e4ndern, zu erg\u00e4nzen, zu l\u00f6schen oder die Ver\u00f6ffentlichung zeitweise oder endg\u00fcltig einzustellen.<\/span><\/p>\n<p class=\"p2\"><span class=\"s1\"><i>Hinweise und Korrekturen inhaltlicher Art senden Sie bitte an<\/i><br \/>\n<a href=\"mailto:plant3@uni-greifswald.de\"><span class=\"s3\">plant3@uni-greifswald.de<\/span><\/a><\/span><\/p>\n<p class=\"p2\"><span class=\"s1\"><i>Hinweise und Korrekturen technischer Art senden Sie bitte an<\/i><br \/>\n<\/span><span class=\"s2\">webmaster@uni-greifswald.de<\/span><\/p>\n<p>&nbsp;<\/p>\n<p class=\"p2\"><span class=\"s1\"><b>3. Verweise und Links<\/b><br \/>\nBei direkten oder indirekten Verweisen auf fremde Webseiten (\u201eHyperlinks\u201c), die au\u00dferhalb des Verantwortungsbereiches der Universit\u00e4t liegen, w\u00fcrde eine Haftungsverpflichtung ausschlie\u00dflich in dem Fall in Kraft treten, in dem der\/die Autor\/in von den Inhalten Kenntnis hat und es ihm\/ihr technisch m\u00f6glich und zumutbar w\u00e4re, die Nutzung im Falle rechtswidriger Inhalte zu verhindern.\u00a0<\/span><\/p>\n<p class=\"p2\"><span class=\"s1\">Die Universit\u00e4t erkl\u00e4rt hiermit ausdr\u00fccklich, dass zum Zeitpunkt der Linksetzung keine illegalen Inhalte auf den zu verlinkenden Seiten erkennbar waren. Auf die aktuelle und zuk\u00fcnftige Gestaltung, die Inhalte oder die Urheberschaft der verlinkten\/verkn\u00fcpften Seiten hat die Universit\u00e4t keinerlei Einfluss. Deshalb distanziert sie sich hiermit ausdr\u00fccklich von allen Inhalten aller verlinkten\/verkn\u00fcpften Seiten, die nach der Linksetzung ver\u00e4ndert wurden. Diese Feststellung gilt f\u00fcr alle innerhalb des eigenen Internetangebotes gesetzten Links und Verweise sowie f\u00fcr Fremdeintr\u00e4ge in von der Universit\u00e4t eingerichteten G\u00e4steb\u00fcchern, Diskussionsforen, Linkverzeichnissen, Mailinglisten und in allen anderen Formen von Datenbanken, auf deren Inhalt externe Schreibzugriffe m\u00f6glich sind. F\u00fcr illegale, fehlerhafte oder unvollst\u00e4ndige Inhalte und insbesondere f\u00fcr Sch\u00e4den, die aus der Nutzung oder Nichtnutzung solcherart dargebotener Informationen entstehen, haftet allein der Anbieter der Seite, auf welche verwiesen wurde, nicht derjenige, der \u00fcber Links auf die jeweilige Ver\u00f6ffentlichung lediglich verweist.<\/span><\/p>\n<p>&nbsp;<\/p>\n<p><b>4. Urheber- und Kennzeichenrecht<\/b><br \/>\nDie Universit\u00e4t ist bestrebt, in allen Publikationen die Urheberrechte der verwendeten Grafiken, Fotos, Tondokumente, Videosequenzen und Texte zu beachten, von ihm selbst erstellte Grafiken, Fotos, Tondokumente, Videosequenzen und Texte zu nutzen oder auf lizenzfreie Grafiken, Fotos, Tondokumente, Videosequenzen und Texte zur\u00fcckzugreifen.<br \/>\nAlle innerhalb unseres mit diesem Impressum gekennzeichneten Internetangebotes genannten und ggf. durch Dritte gesch\u00fctzten Marken- und Warenzeichen unterliegen uneingeschr\u00e4nkt den Bestimmungen des jeweils g\u00fcltigen Kennzeichenrechts und den Besitzrechten der jeweiligen eingetragenen Eigent\u00fcmer. Allein aufgrund der blo\u00dfen Nennung ist nicht der Schluss zu ziehen, dass Markenzeichen nicht durch Rechte Dritter gesch\u00fctzt sind!<br \/>\nDas Copyright f\u00fcr das Online-Angebot der Universit\u00e4t, das mit dem oben genannten Impressum gekennzeichnet ist, bleibt allein bei der Universit\u00e4t. Eine Vervielf\u00e4ltigung oder Verwendung der auf diesen Seiten verwendeten Grafiken, Fotos, Tondokumente, Videosequenzen und Texte in anderen elektronischen oder gedruckten Publikationen ist ohne ausdr\u00fcckliche Zustimmung der Universit\u00e4t nicht gestattet.<br \/>\nUnber\u00fchrt davon bleibt das \u201eKopieren\u201c der Dateien auf den eigenen Rechner, um sich die WWW-Seiten auf einem Browser anzuschauen. Ausgenommen sind ebenfalls die Pressemitteilungen der Universit\u00e4t. Sie sind dem Inhalt nach von jedermann frei und ohne besondere Genehmigung weiterverwendbar. Meldungen \u00fcber missbr\u00e4uchliche Nutzungen, die von Stationen aus dem IP-Namensbereich &#8218;uni-greifswald.de&#8216; ausgehen, senden Sie bitte an den Webmaster.<\/p>\n<p>&nbsp;<\/p>\n<p><b>5. Rechtswirksamkeit dieses Haftungsausschlusses<\/b><br \/>\nDieser Haftungsausschluss ist als Teil des Internetangebotes zu betrachten. Sofern Teile oder einzelne Formulierungen dieses Textes der geltenden Rechtslage nicht, nicht mehr oder nicht vollst\u00e4ndig entsprechen sollten, bleiben die \u00fcbrigen Teile des Dokumentes in ihrem Inhalt und ihrer G\u00fcltigkeit davon unber\u00fchrt.<\/p>\n<p class=\"p2\"><span class=\"s1\"><br \/>\n<b>Kontakt Postanschrift<\/b><br \/>\nUniversit\u00e4t Greifswald<br \/>\n17487 Greifswald<br \/>\nTelefon +49 3834 420 0<br \/>\nTelefax +49 3834 420 1248<br \/>\n<\/span><span class=\"s2\">pressestelle@uni-greifswald.de<\/span><\/p>\n<p class=\"p2\"><span class=\"s1\"><br \/>\n<b>Kontakt Hausanschrift<\/b><br \/>\nUniversit\u00e4t Greifswald<br \/>\nDomstra\u00dfe 11<br \/>\n17489 Greifswald<br \/>\nTelefon +49 3834 420 0<br \/>\nTelefax +49 3834 420 1248<br \/>\n<\/span><span class=\"s2\">pressestelle@uni-greifswald.de<\/span><\/p>\n","protected":false},"excerpt":{"rendered":"<p>Impressum &nbsp; Herausgeberin Universit\u00e4t Greifswald Gesetzlich vertreten durch die Rektorin Postanschrift:\u00a0 17487 Greifswald Hausanschrift:\u00a0 Domstra\u00dfe 11, Eingang 2 17489 Greifswald Telefon +49 3834 420 0 Telefax +49 3834 420 1105 rektorin@uni-greifswald.de Umsatzsteuer-ID-Nummer: DE 137 584 813 &nbsp; Aufsichtsbeh\u00f6rde Ministerium f\u00fcr Wissenschaft, Kultur, Bundes- und Europaangelegenheiten Mecklenburg-Vorpommern Schlo\u00dfstra\u00dfe 6-8 19053 Schwerin Telefon: +49 385 588-0 Telefax:&hellip;<\/p>","protected":false},"author":14,"featured_media":0,"parent":0,"menu_order":0,"comment_status":"closed","ping_status":"closed","template":"","meta":{"footnotes":""},"class_list":["post-2322","page","type-page","status-publish","hentry","description-off"],"_links":{"self":[{"href":"https:\/\/biooekonomie.uni-greifswald.de\/en\/wp-json\/wp\/v2\/pages\/2322","targetHints":{"allow":["GET"]}}],"collection":[{"href":"https:\/\/biooekonomie.uni-greifswald.de\/en\/wp-json\/wp\/v2\/pages"}],"about":[{"href":"https:\/\/biooekonomie.uni-greifswald.de\/en\/wp-json\/wp\/v2\/types\/page"}],"author":[{"embeddable":true,"href":"https:\/\/biooekonomie.uni-greifswald.de\/en\/wp-json\/wp\/v2\/users\/14"}],"replies":[{"embeddable":true,"href":"https:\/\/biooekonomie.uni-greifswald.de\/en\/wp-json\/wp\/v2\/comments?post=2322"}],"version-history":[{"count":11,"href":"https:\/\/biooekonomie.uni-greifswald.de\/en\/wp-json\/wp\/v2\/pages\/2322\/revisions"}],"predecessor-version":[{"id":53991,"href":"https:\/\/biooekonomie.uni-greifswald.de\/en\/wp-json\/wp\/v2\/pages\/2322\/revisions\/53991"}],"wp:attachment":[{"href":"https:\/\/biooekonomie.uni-greifswald.de\/en\/wp-json\/wp\/v2\/media?parent=2322"}],"curies":[{"name":"wp","href":"https:\/\/api.w.org\/{rel}","templated":true}]}}