{"id":2435,"date":"2016-01-29T10:14:33","date_gmt":"2016-01-29T10:14:33","guid":{"rendered":"https:\/\/the7.io\/beauty-studio\/?page_id=13"},"modified":"2023-03-28T15:10:51","modified_gmt":"2023-03-28T13:10:51","slug":"kontakt","status":"publish","type":"page","link":"https:\/\/biooekonomie.uni-greifswald.de\/en\/kontakt\/","title":{"rendered":"Contact"},"content":{"rendered":"<div class=\"wpb-content-wrapper\"><div data-vc-full-width=\"true\" data-vc-full-width-temp=\"true\" data-vc-full-width-init=\"false\" class=\"vc_row wpb_row vc_row-fluid vc_custom_1592170656409\"><div class=\"wpb_column vc_column_container vc_col-sm-12 vc_col-lg-6 vc_col-md-7 vc_col-xs-12\"><div class=\"vc_column-inner vc_custom_1498821716836\"><div class=\"wpb_wrapper\"><div id=\"ultimate-heading-156169e30d074eac8\" class=\"uvc-heading ult-adjust-bottom-margin ultimate-heading-156169e30d074eac8 uvc-1701 \" data-hspacer=\"no_spacer\"  data-halign=\"left\" style=\"text-align:left\"><div class=\"uvc-heading-spacer no_spacer\" style=\"top\"><\/div><div class=\"uvc-main-heading ult-responsive\"  data-ultimate-target='.uvc-heading.ultimate-heading-156169e30d074eac8 h2'  data-responsive-json-new='{\"font-size\":\"desktop:26px;\",\"line-height\":\"desktop:32px;\"}' ><h2 style=\"font-weight:bold;margin-bottom:30px;\">Kontakt<\/h2><\/div><\/div>\n\t<div  class=\"wpb_single_image wpb_content_element vc_align_left  vc_custom_1680009044176\">\n\t\t\n\t\t<figure class=\"wpb_wrapper vc_figure\">\n\t\t\t<div class=\"vc_single_image-wrapper   vc_box_border_grey\"><img loading=\"lazy\" decoding=\"async\" width=\"1024\" height=\"730\" src=\"https:\/\/biooekonomie.uni-greifswald.de\/wp-content\/uploads\/2023\/02\/Team-Plant3-2-1024x730.jpg\" class=\"vc_single_image-img attachment-large\" alt=\"\" title=\"Team Plant3 2\" srcset=\"https:\/\/biooekonomie.uni-greifswald.de\/wp-content\/uploads\/2023\/02\/Team-Plant3-2-1024x730.jpg 1024w, https:\/\/biooekonomie.uni-greifswald.de\/wp-content\/uploads\/2023\/02\/Team-Plant3-2-300x214.jpg 300w, https:\/\/biooekonomie.uni-greifswald.de\/wp-content\/uploads\/2023\/02\/Team-Plant3-2-768x547.jpg 768w, https:\/\/biooekonomie.uni-greifswald.de\/wp-content\/uploads\/2023\/02\/Team-Plant3-2-1536x1095.jpg 1536w, https:\/\/biooekonomie.uni-greifswald.de\/wp-content\/uploads\/2023\/02\/Team-Plant3-2-2048x1460.jpg 2048w\" sizes=\"auto, (max-width: 1024px) 100vw, 1024px\"  data-dt-location=\"https:\/\/biooekonomie.uni-greifswald.de\/en\/team-plant3-2\/\" \/><\/div>\n\t\t<\/figure>\n\t<\/div>\n\n\t<div class=\"wpb_text_column wpb_content_element  vc_custom_1592170556812\" >\n\t\t<div class=\"wpb_wrapper\">\n\t\t\t<p><strong>Innovationsmanagement Plant\u00b3<\/strong><br \/>\nZentrum f\u00fcr Forschungsf\u00f6rderung und Transfer<br \/>\nUniversit\u00e4t Greifswald<br \/>\nWollweberstra\u00dfe 1<br \/>\n17489 Greifswald<\/p>\n\n\t\t<\/div>\n\t<\/div>\n<div class=\"vc_separator wpb_content_element vc_separator_align_center vc_sep_width_80 vc_sep_pos_align_left vc_separator_no_text vc_sep_color_grey wpb_content_element  wpb_content_element\" ><span class=\"vc_sep_holder vc_sep_holder_l\"><span class=\"vc_sep_line\"><\/span><\/span><span class=\"vc_sep_holder vc_sep_holder_r\"><span class=\"vc_sep_line\"><\/span><\/span>\n<\/div>\n\t<div class=\"wpb_text_column wpb_content_element  vc_custom_1592170997496\" >\n\t\t<div class=\"wpb_wrapper\">\n\t\t\t<p><strong>Dr. Christian Theel<\/strong><br \/>\nLeiter Innovationsmanagement<br \/>\nTelefon +49 3834 420 1171<br \/>\nMobil +49 151 209 52 382<br \/>\n<a class=\"mail-link\" title=\"\u00d6ffnet internen Link\">christian.theel@uni-greifswald.de<\/a><\/p>\n\n\t\t<\/div>\n\t<\/div>\n\n\t<div class=\"wpb_text_column wpb_content_element  vc_custom_1673956219945\" >\n\t\t<div class=\"wpb_wrapper\">\n\t\t\t<p><strong>Dr. Julia Metger<\/strong><br \/>\nInnovationsmanagement<br \/>\nTelefon +49 3834 420 1185<br \/>\n<a class=\"mail-link\" title=\"\u00d6ffnet internen Link\">julia.metger@uni-greifswald.de<\/a><\/p>\n\n\t\t<\/div>\n\t<\/div>\n\n\t<div class=\"wpb_text_column wpb_content_element  vc_custom_1673956338286\" >\n\t\t<div class=\"wpb_wrapper\">\n\t\t\t<p><strong>Beate Cuypers<\/strong><br \/>\nInnovationsmanagement<br \/>\nTelefon +49 3834 420 1377<br \/>\n<a class=\"mail-link\" title=\"\u00d6ffnet internen Link\">bcuypers@uni-greifswald.de<\/a><\/p>\n\n\t\t<\/div>\n\t<\/div>\n<div class=\"vc_separator wpb_content_element vc_separator_align_center vc_sep_width_80 vc_sep_pos_align_left vc_separator_no_text vc_sep_color_grey wpb_content_element  wpb_content_element\" ><span class=\"vc_sep_holder vc_sep_holder_l\"><span class=\"vc_sep_line\"><\/span><\/span><span class=\"vc_sep_holder vc_sep_holder_r\"><span class=\"vc_sep_line\"><\/span><\/span>\n<\/div><\/div><\/div><\/div><div class=\"wpb_column vc_column_container vc_col-sm-12 vc_col-lg-6 vc_col-md-5 vc_col-xs-12\"><div class=\"vc_column-inner vc_custom_1498572768127\"><div class=\"wpb_wrapper\"><div class=\"vc_empty_space\"   style=\"height: 32px\"><span class=\"vc_empty_space_inner\"><\/span><\/div>\n\t<div class=\"wpb_text_column wpb_content_element  vc_custom_1586960501403\" >\n\t\t<div class=\"wpb_wrapper\">\n\t\t\t<p>Wir beantworten gern Ihre Fragen!<\/p>\n\n\t\t<\/div>\n\t<\/div>\n<form class=\"dt-contact-form dt-form privacy-form\" method=\"post\"><input type=\"hidden\" name=\"widget_id\" value=\"presscore-contact-form-widget--1\" \/><input type=\"hidden\" name=\"send_message\" value=\"\" \/><input type=\"hidden\" name=\"security_token\" value=\"a96838e5443b3b6c0915\"\/><div class=\"form-fields\"><span class=\"form-name\"><label class=\"assistive-text\">Name *<\/label><input type=\"text\" class=\"validate[required]\" placeholder=\"Name *\" name=\"name\" value=\"\" aria-required=\"true\">\n<\/span><span class=\"form-mail\"><label class=\"assistive-text\">E-mail *<\/label><input type=\"text\" class=\"validate[required,custom[email]]\" placeholder=\"E-mail *\" name=\"email\" value=\"\" aria-required=\"true\">\n<\/span><span class=\"form-telephone\"><label class=\"assistive-text\">Telephone<\/label><input type=\"text\" placeholder=\"Telephone\" name=\"telephone\" value=\"\" aria-required=\"false\">\n<\/span><span class=\"form-company\"><label class=\"assistive-text\">Company<\/label><input type=\"text\" placeholder=\"Company\" name=\"company\" value=\"\" aria-required=\"false\">\n<\/span><\/div><span class=\"form-message\"><label class=\"assistive-text\">Message *<\/label><textarea class=\"validate[required]\" placeholder=\"Message *\" name=\"message\" rows=\"8\" aria-required=\"true\"><\/textarea>\n<\/span><p class=\"the7-form-terms-wrap\"><input type=\"checkbox\" id=\"the7-form-terms-ea96efc03b9a050d895110db8c4af057\" name=\"terms\" class=\"validate[required] the7-form-terms\" aria-required=\"true\" \/>&nbsp;<label for=\"the7-form-terms-ea96efc03b9a050d895110db8c4af057\"><span class=\"form-terms-text\">Ich bin damit einverstanden, dass Plant\u00b3 meine angegebenen personenbezogenen Daten zum Zwecke der Bearbeitung und Beantwortung meiner Anfrage verarbeitet.<\/span><\/label><\/p><p><a href=\"#\" class=\"dt-btn dt-btn-m dt-btn-submit\" rel=\"nofollow\"><span>Nachricht versenden<\/span><\/a><input class=\"assistive-text\" type=\"submit\" value=\"submit\"><\/p><\/form>\n<\/div><\/div><\/div><\/div><div class=\"vc_row-full-width vc_clearfix\"><\/div>\n<\/div>","protected":false},"excerpt":{"rendered":"<p>Kontakt Innovationsmanagement Plant\u00b3 Zentrum f\u00fcr Forschungsf\u00f6rderung und Transfer Universit\u00e4t Greifswald Wollweberstra\u00dfe 1 17489 Greifswald Dr. Christian Theel Leiter Innovationsmanagement Telefon +49 3834 420 1171 Mobil +49 151 209 52 382 christian.theel@uni-greifswald.de Dr. Julia Metger Innovationsmanagement Telefon +49 3834 420 1185 julia.metger@uni-greifswald.de Beate Cuypers Innovationsmanagement Telefon +49 3834 420 1377 bcuypers@uni-greifswald.de Wir beantworten gern Ihre Fragen!<\/p>","protected":false},"author":14,"featured_media":0,"parent":0,"menu_order":600,"comment_status":"closed","ping_status":"closed","template":"","meta":{"footnotes":""},"class_list":["post-2435","page","type-page","status-publish","hentry","description-off"],"_links":{"self":[{"href":"https:\/\/biooekonomie.uni-greifswald.de\/en\/wp-json\/wp\/v2\/pages\/2435","targetHints":{"allow":["GET"]}}],"collection":[{"href":"https:\/\/biooekonomie.uni-greifswald.de\/en\/wp-json\/wp\/v2\/pages"}],"about":[{"href":"https:\/\/biooekonomie.uni-greifswald.de\/en\/wp-json\/wp\/v2\/types\/page"}],"author":[{"embeddable":true,"href":"https:\/\/biooekonomie.uni-greifswald.de\/en\/wp-json\/wp\/v2\/users\/14"}],"replies":[{"embeddable":true,"href":"https:\/\/biooekonomie.uni-greifswald.de\/en\/wp-json\/wp\/v2\/comments?post=2435"}],"version-history":[{"count":16,"href":"https:\/\/biooekonomie.uni-greifswald.de\/en\/wp-json\/wp\/v2\/pages\/2435\/revisions"}],"predecessor-version":[{"id":55324,"href":"https:\/\/biooekonomie.uni-greifswald.de\/en\/wp-json\/wp\/v2\/pages\/2435\/revisions\/55324"}],"wp:attachment":[{"href":"https:\/\/biooekonomie.uni-greifswald.de\/en\/wp-json\/wp\/v2\/media?parent=2435"}],"curies":[{"name":"wp","href":"https:\/\/api.w.org\/{rel}","templated":true}]}}