{"id":2443,"date":"2020-04-14T14:05:26","date_gmt":"2020-04-14T12:05:26","guid":{"rendered":"https:\/\/plant.unahrt.de\/?page_id=3"},"modified":"2026-02-26T08:04:40","modified_gmt":"2026-02-26T07:04:40","slug":"datenschutzerklaerung-2","status":"publish","type":"page","link":"https:\/\/biooekonomie.uni-greifswald.de\/en\/datenschutzerklaerung-2\/","title":{"rendered":"Datenschutzerkl\u00e4rung"},"content":{"rendered":"<div class=\"wpb-content-wrapper\"><div class=\"vc_row wpb_row vc_row-fluid\"><div class=\"wpb_column vc_column_container vc_col-sm-12\"><div class=\"vc_column-inner\"><div class=\"wpb_wrapper\">\n\t<div class=\"wpb_text_column wpb_content_element\" >\n\t\t<div class=\"wpb_wrapper\">\n\t\t\t<h2 class=\"p1 wp-block-heading\"><span class=\"s1\"><b>Privacy and Data Protection Information<\/b><\/span><\/h2>\n<p class=\"p2\"><span class=\"s1\">We process personal data that is collected when our website is visited in accordance with the valid data protection laws and regulations, in particular the EU\u2019s General Data Protection Regulation (GDPR) and the Landesdatenschutzgesetz - DSG M-V (State Data Protection Act).<\/span><\/p>\n<p>&nbsp;<\/p>\n<h2 data-start=\"427\" data-end=\"449\">1. Verantwortlicher<\/h2>\n<p data-start=\"451\" data-end=\"521\">Verantwortlicher im Sinne der Datenschutz-Grundverordnung (DSGVO) ist:<\/p>\n<p data-start=\"523\" data-end=\"719\"><strong data-start=\"523\" data-end=\"549\">University of Greifswald<\/strong><br data-start=\"549\" data-end=\"552\">Legally represented by the Rector<br data-start=\"591\" data-end=\"594\">Prof. Dr. Katharina Riedel<br data-start=\"620\" data-end=\"623\">Domstra\u00dfe 11<br data-start=\"635\" data-end=\"638\">17489 Greifswald<br data-start=\"654\" data-end=\"657\">Telefon: +49 3834 420 0<br data-start=\"680\" data-end=\"683\">E-Mail: <a class=\"decorated-link cursor-pointer\" rel=\"noopener\" data-start=\"691\" data-end=\"717\">rektorin@uni-greifswald.de<\/a><\/p>\n<hr data-start=\"721\" data-end=\"724\">\n<h2 data-start=\"726\" data-end=\"776\">2. Zwecke und Rechtsgrundlagen der Verarbeitung<\/h2>\n<p data-start=\"778\" data-end=\"958\">Die Verarbeitung personenbezogener Daten erfolgt im Rahmen der gesetzlichen Bestimmungen, insbesondere der DSGVO und des Landesdatenschutzgesetzes Mecklenburg-Vorpommern (DSG M-V).<\/p>\n<p data-start=\"960\" data-end=\"982\">Rechtsgrundlagen sind:<\/p>\n<ul data-start=\"984\" data-end=\"1208\">\n<li data-start=\"984\" data-end=\"1050\">\n<p data-start=\"986\" data-end=\"1050\"><strong data-start=\"986\" data-end=\"1016\">Art. 6 Abs. 1 lit. a DSGVO<\/strong> \u2013 Einwilligung (z. B. Newsletter)<\/p>\n<\/li>\n<li data-start=\"1051\" data-end=\"1119\">\n<p data-start=\"1053\" data-end=\"1119\"><strong data-start=\"1053\" data-end=\"1083\">Art. 6 Abs. 1 lit. e DSGVO<\/strong> \u2013 Wahrnehmung \u00f6ffentlicher Aufgaben<\/p>\n<\/li>\n<li data-start=\"1120\" data-end=\"1208\">\n<p data-start=\"1122\" data-end=\"1208\"><strong data-start=\"1122\" data-end=\"1152\">Art. 6 Abs. 1 lit. f DSGVO<\/strong> \u2013 Wahrung berechtigter Interessen (z. B. IT-Sicherheit)<\/p>\n<\/li>\n<\/ul>\n<hr data-start=\"1210\" data-end=\"1213\">\n<h2 data-start=\"1215\" data-end=\"1254\">3. Protokollierung (Server-Logfiles)<\/h2>\n<p data-start=\"1256\" data-end=\"1325\">Beim Aufruf dieser Website werden automatisch folgende Daten erfasst:<\/p>\n<ul data-start=\"1327\" data-end=\"1497\">\n<li data-start=\"1327\" data-end=\"1339\">\n<p data-start=\"1329\" data-end=\"1339\">IP-Adresse<\/p>\n<\/li>\n<li data-start=\"1340\" data-end=\"1372\">\n<p data-start=\"1342\" data-end=\"1372\">Datum und Uhrzeit des Zugriffs<\/p>\n<\/li>\n<li data-start=\"1373\" data-end=\"1406\">\n<p data-start=\"1375\" data-end=\"1406\">aufgerufene Seiten bzw. Dateien<\/p>\n<\/li>\n<li data-start=\"1407\" data-end=\"1432\">\n<p data-start=\"1409\" data-end=\"1432\">Browsertyp und -version<\/p>\n<\/li>\n<li data-start=\"1433\" data-end=\"1461\">\n<p data-start=\"1435\" data-end=\"1461\">verwendetes Betriebssystem<\/p>\n<\/li>\n<li data-start=\"1462\" data-end=\"1497\">\n<p data-start=\"1464\" data-end=\"1497\">Referrer-URL (sofern \u00fcbermittelt)<\/p>\n<\/li>\n<\/ul>\n<p data-start=\"1499\" data-end=\"1635\">Die Verarbeitung erfolgt zur Sicherstellung des technischen Betriebs, zur Gew\u00e4hrleistung der IT-Sicherheit und zur Abwehr von Angriffen.<\/p>\n<p data-start=\"1637\" data-end=\"1717\">Rechtsgrundlage ist Art. 6 Abs. 1 lit. e DSGVO sowie Art. 6 Abs. 1 lit. f DSGVO.<\/p>\n<p data-start=\"1719\" data-end=\"1829\">Die Daten werden in der Regel <strong data-start=\"1749\" data-end=\"1784\">maximal sieben Tage gespeichert<\/strong> und anschlie\u00dfend gel\u00f6scht oder anonymisiert.<\/p>\n<p data-start=\"1831\" data-end=\"1884\">Eine Zusammenf\u00fchrung mit anderen Daten erfolgt nicht.<\/p>\n<hr data-start=\"1886\" data-end=\"1889\">\n<h2 data-start=\"1891\" data-end=\"1916\">4. Einsatz von Cookies<\/h2>\n<p data-start=\"1918\" data-end=\"2055\">Diese Website verwendet ausschlie\u00dflich technisch notwendige Cookies (Session-Cookies), die f\u00fcr den Betrieb der Website erforderlich sind.<\/p>\n<p data-start=\"2057\" data-end=\"2116\">Rechtsgrundlage ist Art. 6 Abs. 1 lit. e bzw. lit. f DSGVO.<\/p>\n<p data-start=\"2118\" data-end=\"2272\">Sie k\u00f6nnen das Speichern von Cookies durch entsprechende Browser-Einstellungen verhindern. Dadurch kann die Funktionalit\u00e4t der Website eingeschr\u00e4nkt sein.<\/p>\n<hr data-start=\"2274\" data-end=\"2277\">\n<h2 data-start=\"2279\" data-end=\"2312\">5. Sicherheitsplugin Wordfence<\/h2>\n<p data-start=\"2314\" data-end=\"2439\">Zum Schutz vor unbefugten Zugriffen und zur Abwehr von Angriffen setzt diese Website das Sicherheitsplugin <strong data-start=\"2421\" data-end=\"2434\">Wordfence<\/strong> ein.<\/p>\n<p data-start=\"2441\" data-end=\"2560\">Wordfence verarbeitet IP-Adressen sowie technische Zugriffsdaten, um sch\u00e4dliche Zugriffe zu erkennen und zu blockieren.<\/p>\n<p data-start=\"2562\" data-end=\"2697\">Die Verarbeitung erfolgt auf Grundlage von Art. 6 Abs. 1 lit. f DSGVO (berechtigtes Interesse an der Gew\u00e4hrleistung der IT-Sicherheit).<\/p>\n<p data-start=\"2699\" data-end=\"2820\">Weitere Informationen zur Datenverarbeitung durch Wordfence finden Sie unter:<br data-start=\"2776\" data-end=\"2779\"><a class=\"decorated-link\" href=\"https:\/\/www.wordfence.com\/privacy-policy\/\" target=\"_new\" rel=\"noopener\" data-start=\"2779\" data-end=\"2820\">https:\/\/www.wordfence.com\/privacy-policy\/<\/a><\/p>\n<hr data-start=\"2822\" data-end=\"2825\">\n<h2 data-start=\"2827\" data-end=\"2867\">6. Lokale Einbindung von Schriftarten<\/h2>\n<p data-start=\"2869\" data-end=\"2986\">Zur einheitlichen Darstellung von Schriftarten werden Web Fonts lokal auf unserem Server gespeichert und eingebunden.<\/p>\n<p data-start=\"2988\" data-end=\"3060\">Es erfolgt keine Verbindung zu Servern externer Anbieter (z. B. Google).<\/p>\n<hr data-start=\"3062\" data-end=\"3065\">\n<h2 data-start=\"3067\" data-end=\"3088\">7. Kontaktaufnahme<\/h2>\n<p data-start=\"3090\" data-end=\"3245\">Wenn Sie uns per E-Mail oder Kontaktformular kontaktieren, werden die von Ihnen \u00fcbermittelten Daten ausschlie\u00dflich zur Bearbeitung Ihrer Anfrage verwendet.<\/p>\n<p data-start=\"3247\" data-end=\"3312\">Rechtsgrundlage ist Art. 6 Abs. 1 lit. a DSGVO bzw. lit. e DSGVO.<\/p>\n<p data-start=\"3314\" data-end=\"3461\">Ihre Daten werden nur so lange gespeichert, wie dies zur Bearbeitung erforderlich ist und keine gesetzlichen Aufbewahrungspflichten entgegenstehen.<\/p>\n<hr data-start=\"3463\" data-end=\"3466\">\n<h2 data-start=\"3468\" data-end=\"3503\">8. Newsletter (sofern angeboten)<\/h2>\n<p data-start=\"3505\" data-end=\"3616\">F\u00fcr den Newsletter-Versand wird Ihre E-Mail-Adresse ben\u00f6tigt. Die Anmeldung erfolgt im Double-Opt-In-Verfahren.<\/p>\n<p data-start=\"3618\" data-end=\"3727\">Ihre Daten werden ausschlie\u00dflich f\u00fcr den Versand des Newsletters verwendet und nicht an Dritte weitergegeben.<\/p>\n<p data-start=\"3729\" data-end=\"3779\">Sie k\u00f6nnen Ihre Einwilligung jederzeit widerrufen.<\/p>\n<p data-start=\"3781\" data-end=\"3825\">Rechtsgrundlage: Art. 6 Abs. 1 lit. a DSGVO.<\/p>\n<hr data-start=\"3827\" data-end=\"3830\">\n<h2 data-start=\"3832\" data-end=\"3855\">9. Soziale Netzwerke<\/h2>\n<p data-start=\"3857\" data-end=\"3972\">Neben dieser Website unterh\u00e4lt die Universit\u00e4t Greifswald Onlinepr\u00e4senzen auf sozialen Netzwerken (z. B. LinkedIn).<\/p>\n<p data-start=\"3974\" data-end=\"4159\">Beim Besuch dieser Plattformen werden personenbezogene Daten durch die jeweiligen Anbieter verarbeitet. Dabei kann es auch zu einer Verarbeitung au\u00dferhalb der Europ\u00e4ischen Union kommen.<\/p>\n<p data-start=\"4161\" data-end=\"4323\">Wir weisen darauf hin, dass wir f\u00fcr die Datenverarbeitung auf diesen Plattformen gemeinsam mit dem jeweiligen Anbieter verantwortlich sein k\u00f6nnen (Art. 26 DSGVO).<\/p>\n<p data-start=\"4325\" data-end=\"4418\">Weitere Informationen entnehmen Sie bitte den Datenschutzerkl\u00e4rungen der jeweiligen Anbieter.<\/p>\n<hr data-start=\"4420\" data-end=\"4423\">\n<h2 data-start=\"4425\" data-end=\"4443\">10. Ihre Rechte<\/h2>\n<p data-start=\"4445\" data-end=\"4465\">Sie haben das Recht:<\/p>\n<ul data-start=\"4467\" data-end=\"4749\">\n<li data-start=\"4467\" data-end=\"4497\">\n<p data-start=\"4469\" data-end=\"4497\">auf Auskunft (Art. 15 DSGVO)<\/p>\n<\/li>\n<li data-start=\"4498\" data-end=\"4532\">\n<p data-start=\"4500\" data-end=\"4532\">auf Berichtigung (Art. 16 DSGVO)<\/p>\n<\/li>\n<li data-start=\"4533\" data-end=\"4563\">\n<p data-start=\"4535\" data-end=\"4563\">auf L\u00f6schung (Art. 17 DSGVO)<\/p>\n<\/li>\n<li data-start=\"4564\" data-end=\"4616\">\n<p data-start=\"4566\" data-end=\"4616\">auf Einschr\u00e4nkung der Verarbeitung (Art. 18 DSGVO)<\/p>\n<\/li>\n<li data-start=\"4617\" data-end=\"4659\">\n<p data-start=\"4619\" data-end=\"4659\">auf Daten\u00fcbertragbarkeit (Art. 20 DSGVO)<\/p>\n<\/li>\n<li data-start=\"4660\" data-end=\"4693\">\n<p data-start=\"4662\" data-end=\"4693\">auf Widerspruch (Art. 21 DSGVO)<\/p>\n<\/li>\n<li data-start=\"4694\" data-end=\"4749\">\n<p data-start=\"4696\" data-end=\"4749\">auf Widerruf einer Einwilligung (Art. 7 Abs. 3 DSGVO)<\/p>\n<\/li>\n<\/ul>\n<p data-start=\"4751\" data-end=\"4834\">Zudem haben Sie das Recht, sich bei der zust\u00e4ndigen Aufsichtsbeh\u00f6rde zu beschweren:<\/p>\n<p data-start=\"4836\" data-end=\"4963\"><strong data-start=\"4836\" data-end=\"4925\">Data Protection and Freedom of Information Officer for the State of Mecklenburg-Vorpommern<\/strong><br data-start=\"4925\" data-end=\"4928\">Werderstra\u00dfe 74a<br data-start=\"4944\" data-end=\"4947\">19055 Schwerin<\/p>\n<hr data-start=\"4965\" data-end=\"4968\">\n<h2 data-start=\"4970\" data-end=\"5000\">11. Datenschutzbeauftragte<\/h2>\n<p data-start=\"5056\" data-end=\"5195\"><strong>Beh\u00f6rdliche Datenschutzbeauftragte<\/strong><br \/>\nDominique Kandzia<br \/>\nSIS \u2013 Schweriner IT- und Servicegesellschaft mbH<br \/>\nEckdrift 93, 19061 Schwerin<br \/>\nTelefon +49 385 20092 1218<br \/>\n<a class=\"mail-link\" title=\"\u00d6ffnet E-Mail Link\" href=\"https:\/\/www.uni-greifswald.de\/datenschutz\/#\" data-mailto-token=\"kygjrm8byrclqafscrxcpYslg+epcgdquyjb,bc\" data-mailto-vector=\"-2\">datenschuetzer@uni-greifswald.de<\/a><\/p>\n\n\t\t<\/div>\n\t<\/div>\n<\/div><\/div><\/div><\/div>\n<\/div>","protected":false},"excerpt":{"rendered":"<p>Datenschutzinformation Wir verarbeiten personenbezogene Daten, die beim Besuch unserer Website erhoben werden, unter Beachtung der geltenden datenschutzrechtlichen Bestimmungen, insbesondere der EU-Datenschutz-Grundverordnung (DSGVO) und des Landesdatenschutzgesetzes Mecklenburg-Vorpommern (DSG M-V). &nbsp; 1. Verantwortlicher Verantwortlicher im Sinne der Datenschutz-Grundverordnung (DSGVO) ist: Universit\u00e4t GreifswaldGesetzlich vertreten durch die RektorinProf. Dr. Katharina RiedelDomstra\u00dfe 1117489 GreifswaldTelefon: +49 3834 420 0E-Mail: rektorin@uni-greifswald.de 2.&hellip;<\/p>","protected":false},"author":14,"featured_media":0,"parent":0,"menu_order":0,"comment_status":"closed","ping_status":"open","template":"","meta":{"footnotes":""},"class_list":["post-2443","page","type-page","status-publish","hentry","description-off"],"_links":{"self":[{"href":"https:\/\/biooekonomie.uni-greifswald.de\/en\/wp-json\/wp\/v2\/pages\/2443","targetHints":{"allow":["GET"]}}],"collection":[{"href":"https:\/\/biooekonomie.uni-greifswald.de\/en\/wp-json\/wp\/v2\/pages"}],"about":[{"href":"https:\/\/biooekonomie.uni-greifswald.de\/en\/wp-json\/wp\/v2\/types\/page"}],"author":[{"embeddable":true,"href":"https:\/\/biooekonomie.uni-greifswald.de\/en\/wp-json\/wp\/v2\/users\/14"}],"replies":[{"embeddable":true,"href":"https:\/\/biooekonomie.uni-greifswald.de\/en\/wp-json\/wp\/v2\/comments?post=2443"}],"version-history":[{"count":13,"href":"https:\/\/biooekonomie.uni-greifswald.de\/en\/wp-json\/wp\/v2\/pages\/2443\/revisions"}],"predecessor-version":[{"id":56665,"href":"https:\/\/biooekonomie.uni-greifswald.de\/en\/wp-json\/wp\/v2\/pages\/2443\/revisions\/56665"}],"wp:attachment":[{"href":"https:\/\/biooekonomie.uni-greifswald.de\/en\/wp-json\/wp\/v2\/media?parent=2443"}],"curies":[{"name":"wp","href":"https:\/\/api.w.org\/{rel}","templated":true}]}}