{"id":30298,"date":"2014-08-29T17:00:39","date_gmt":"2014-08-29T17:00:39","guid":{"rendered":"https:\/\/the7.io\/main\/?page_id=26095"},"modified":"2023-03-28T15:01:45","modified_gmt":"2023-03-28T13:01:45","slug":"faq","status":"publish","type":"page","link":"https:\/\/biooekonomie.uni-greifswald.de\/en\/faq\/","title":{"rendered":"FAQ &#8211; H\u00e4ufig gestellte Fragen"},"content":{"rendered":"<div class=\"wpb-content-wrapper\"><div class=\"vc_row wpb_row vc_row-fluid vc_custom_1475335361394\"><div class=\"wpb_column vc_column_container vc_col-sm-12 vc_col-lg-6 vc_col-md-6 vc_col-xs-12\"><div class=\"vc_column-inner vc_custom_1638232750902\"><div class=\"wpb_wrapper\"><div id=\"ultimate-heading-144169ea038ce20b5\" class=\"uvc-heading ult-adjust-bottom-margin ultimate-heading-144169ea038ce20b5 uvc-444  uvc-heading-default-font-sizes\" data-hspacer=\"no_spacer\"  data-halign=\"left\" style=\"text-align:left\"><div class=\"uvc-heading-spacer no_spacer\" style=\"top\"><\/div><div class=\"uvc-main-heading ult-responsive\"  data-ultimate-target='.uvc-heading.ultimate-heading-144169ea038ce20b5 h3'  data-responsive-json-new='{\"font-size\":\"\",\"line-height\":\"\"}' ><h3 style=\"font-weight:bold;margin-bottom:20px;\">H\u00e4ufig gestellte Fragen<\/h3><\/div><\/div><div class=\"vc_tta-container\" data-vc-action=\"collapseAll\"><div class=\"vc_general vc_tta vc_tta-accordion vc_tta-color-grey vc_tta-style-modern vc_tta-shape-rounded vc_tta-o-shape-group vc_tta-controls-align-default vc_tta-o-all-clickable\"><div class=\"vc_tta-panels-container\"><div class=\"vc_tta-panels\"><div class=\"vc_tta-panel\" id=\"1638233192818-5a296aa5-a096\" data-vc-content=\".vc_tta-panel-body\"><div class=\"vc_tta-panel-heading\"><h4 class=\"vc_tta-panel-title vc_tta-controls-icon-position-left\"><a href=\"#1638233192818-5a296aa5-a096\" data-vc-accordion data-vc-container=\".vc_tta-container\"><span class=\"vc_tta-title-text\">Welche Vorteile habe ich als Plant\u00b3-B\u00fcndnispartner?<\/span><i class=\"vc_tta-controls-icon vc_tta-controls-icon-plus\"><\/i><\/a><\/h4><\/div><div class=\"vc_tta-panel-body\">\n\t<div class=\"wpb_text_column wpb_content_element \" >\n\t\t<div class=\"wpb_wrapper\">\n\t\t\t<p>Sie werden zu B\u00fcndnisveranstaltungen eingeladen und lernen interessante Personen und potentielle Projektpartner kennen. Sie erfahren mehr \u00fcber den Stand der Technik und \u00fcber bio\u00f6konomische Innovationen. Sie k\u00f6nnen Ver\u00e4nderungsprozesse mitgestalten, zum Beispiel durch Ihr Engagement in den Fokusgruppen. Sie k\u00f6nnen sich im Rahmen des B\u00fcndnisses pr\u00e4sentieren. Ihr Logo erscheint auf unserer Website und mit Ihrem Einverst\u00e4ndnis verlinken wir das Logo mit Ihrer Website. Au\u00dferdem informieren wir Sie \u00fcber aktuelle F\u00f6rderprogramme, bieten Schulungen an, stellen gerne (internationale) Kontakte her und unterst\u00fctzen bei der Partnerakquise.<\/p>\n\n\t\t<\/div>\n\t<\/div>\n<\/div><\/div><div class=\"vc_tta-panel\" id=\"1638233192841-f82bd3ad-f3d6\" data-vc-content=\".vc_tta-panel-body\"><div class=\"vc_tta-panel-heading\"><h4 class=\"vc_tta-panel-title vc_tta-controls-icon-position-left\"><a href=\"#1638233192841-f82bd3ad-f3d6\" data-vc-accordion data-vc-container=\".vc_tta-container\"><span class=\"vc_tta-title-text\">Welche Verpflichtungen gehe ich als Plant\u00b3-B\u00fcndnispartner ein?<\/span><i class=\"vc_tta-controls-icon vc_tta-controls-icon-plus\"><\/i><\/a><\/h4><\/div><div class=\"vc_tta-panel-body\">\n\t<div class=\"wpb_text_column wpb_content_element \" >\n\t\t<div class=\"wpb_wrapper\">\n\t\t\t<p>Keine. Aber wir w\u00fcnschen uns von Ihnen, dass Sie sich engagieren und Ihre Kompetenzen einbringen.<\/p>\n\n\t\t<\/div>\n\t<\/div>\n<\/div><\/div><div class=\"vc_tta-panel\" id=\"1638233443470-e194097f-595a\" data-vc-content=\".vc_tta-panel-body\"><div class=\"vc_tta-panel-heading\"><h4 class=\"vc_tta-panel-title vc_tta-controls-icon-position-left\"><a href=\"#1638233443470-e194097f-595a\" data-vc-accordion data-vc-container=\".vc_tta-container\"><span class=\"vc_tta-title-text\">Ich w\u00fcrde gerne bio\u00f6konomische Produkte oder Dienstleistungen anbieten. Hilft Plant\u00b3 mir dabei?<\/span><i class=\"vc_tta-controls-icon vc_tta-controls-icon-plus\"><\/i><\/a><\/h4><\/div><div class=\"vc_tta-panel-body\">\n\t<div class=\"wpb_text_column wpb_content_element \" >\n\t\t<div class=\"wpb_wrapper\">\n\t\t\t<p>Ja, Sie k\u00f6nnen beispielsweise den \u201eMarktplatz\u201c auf unserer Website daf\u00fcr nutzen.<\/p>\n\n\t\t<\/div>\n\t<\/div>\n<\/div><\/div><div class=\"vc_tta-panel\" id=\"1638233501799-3d2c82d4-9596\" data-vc-content=\".vc_tta-panel-body\"><div class=\"vc_tta-panel-heading\"><h4 class=\"vc_tta-panel-title vc_tta-controls-icon-position-left\"><a href=\"#1638233501799-3d2c82d4-9596\" data-vc-accordion data-vc-container=\".vc_tta-container\"><span class=\"vc_tta-title-text\">Ist das F\u00f6rderprogramm etwas f\u00fcr mich?<\/span><i class=\"vc_tta-controls-icon vc_tta-controls-icon-plus\"><\/i><\/a><\/h4><\/div><div class=\"vc_tta-panel-body\">\n\t<div class=\"wpb_text_column wpb_content_element \" >\n\t\t<div class=\"wpb_wrapper\">\n\t\t\t<p>\u2026 ja, wenn Sie bio\u00f6konomische Produkte, Prozesse oder Dienstleistungen entwickeln oder bio\u00f6konomische Inhalte in die Gesellschaft transportieren m\u00f6chten,<br \/>\n\u2026 <span style=\"text-decoration: underline;\">und<\/span> wenn Sie Ihr Projekt in der Projektregion, dem nord\u00f6stlichen Mecklenburg-Vorpommern, durchf\u00fchren m\u00f6chten,<br \/>\n\u2026 und wenn Ihr Projekt FuE-Charakter hat.<\/p>\n\n\t\t<\/div>\n\t<\/div>\n<\/div><\/div><div class=\"vc_tta-panel\" id=\"1638233586877-c41513a2-e4bb\" data-vc-content=\".vc_tta-panel-body\"><div class=\"vc_tta-panel-heading\"><h4 class=\"vc_tta-panel-title vc_tta-controls-icon-position-left\"><a href=\"#1638233586877-c41513a2-e4bb\" data-vc-accordion data-vc-container=\".vc_tta-container\"><span class=\"vc_tta-title-text\">Plant\u00b3 betont eine nachhaltige Bio\u00f6konomie. Was bedeutet das f\u00fcr meine Projektidee?<\/span><i class=\"vc_tta-controls-icon vc_tta-controls-icon-plus\"><\/i><\/a><\/h4><\/div><div class=\"vc_tta-panel-body\">\n\t<div class=\"wpb_text_column wpb_content_element \" >\n\t\t<div class=\"wpb_wrapper\">\n\t\t\t<p>Eine umfassende Definition finden Sie <a href=\"https:\/\/biooekonomie.uni-greifswald.de\/\" target=\"_blank\" rel=\"noopener noreferrer\">hier<\/a>.<\/p>\n<p>Konkret f\u00fcr ein Projekt im Rahmen von Plant\u00b3 bedeutet das, dass Ihr Projekt mindestens einem der folgenden Bio\u00f6konomie-Pfade folgt:<\/p>\n<ul>\n<li>Ersetzung fossiler Rohstoffe durch biogene, nachwachsende Rohstoffe im Rahmen ihrer Regenerationsf\u00e4higkeit<\/li>\n<li>Kaskaden- und Koppelnutzung biogener Rohstoffe<\/li>\n<li>Steigerung der Biodiversit\u00e4t durch Diversifikation der Land-, Forst- und maritimen Wirtschaft<\/li>\n<li>\u00d6kologische Vertr\u00e4glichkeit der Produktion durch Einsparung von Ressourcen und Minimierung von Emissionen<\/li>\n<li>F\u00f6rderung der Regionalentwicklung in \u00f6konomischer, \u00f6kologischer und sozialer Hinsicht<\/li>\n<\/ul>\n\n\t\t<\/div>\n\t<\/div>\n<\/div><\/div><div class=\"vc_tta-panel\" id=\"1638233691226-f9d43531-e6eb\" data-vc-content=\".vc_tta-panel-body\"><div class=\"vc_tta-panel-heading\"><h4 class=\"vc_tta-panel-title vc_tta-controls-icon-position-left\"><a href=\"#1638233691226-f9d43531-e6eb\" data-vc-accordion data-vc-container=\".vc_tta-container\"><span class=\"vc_tta-title-text\">Was bedeutet \u201eForschung und Entwicklung (FuE)\u201c?<\/span><i class=\"vc_tta-controls-icon vc_tta-controls-icon-plus\"><\/i><\/a><\/h4><\/div><div class=\"vc_tta-panel-body\">\n\t<div class=\"wpb_text_column wpb_content_element \" >\n\t\t<div class=\"wpb_wrapper\">\n\t\t\t<p>\u201eForschung und Entwicklung\u201c bedeutet, dass mit wissenschaftlichen Methoden neue Technologien, Produkte oder Verfahren entwickelt werden. Dies kann in ingenieur- und naturwissenschaftlichen, aber auch in sozial-, wirtschafts- und geisteswissenschaftlichen Themenfeldern im Innovationsfeld des B\u00fcndnisses erfolgen.<\/p>\n\n\t\t<\/div>\n\t<\/div>\n<\/div><\/div><div class=\"vc_tta-panel\" id=\"1638233732700-ce661ffb-ff2c\" data-vc-content=\".vc_tta-panel-body\"><div class=\"vc_tta-panel-heading\"><h4 class=\"vc_tta-panel-title vc_tta-controls-icon-position-left\"><a href=\"#1638233732700-ce661ffb-ff2c\" data-vc-accordion data-vc-container=\".vc_tta-container\"><span class=\"vc_tta-title-text\">Ich habe eine Projektidee, aber mir fehlt Unterst\u00fctzung aus der Wissenschaft bzw. aus der Wirtschaft. Wo finde ich Kooperationspartner?<\/span><i class=\"vc_tta-controls-icon vc_tta-controls-icon-plus\"><\/i><\/a><\/h4><\/div><div class=\"vc_tta-panel-body\">\n\t<div class=\"wpb_text_column wpb_content_element \" >\n\t\t<div class=\"wpb_wrapper\">\n\t\t\t<p>Wenden Sie sich gerne an das Plant\u00b3-Innovationsmanagement. Wir helfen Ihnen, die richtigen Kooperationspartner zu finden.<\/p>\n<p>Sie k\u00f6nnen sich auch \u00fcber die Liste der B\u00fcndnismitglieder informieren, wer schon bei Plant\u00b3 Mitglied ist \u2013 vielleicht ist hier bereits das passende Unternehmen f\u00fcr Sie dabei?<\/p>\n\n\t\t<\/div>\n\t<\/div>\n<\/div><\/div><div class=\"vc_tta-panel\" id=\"1638234078313-5545fca9-67e7\" data-vc-content=\".vc_tta-panel-body\"><div class=\"vc_tta-panel-heading\"><h4 class=\"vc_tta-panel-title vc_tta-controls-icon-position-left\"><a href=\"#1638234078313-5545fca9-67e7\" data-vc-accordion data-vc-container=\".vc_tta-container\"><span class=\"vc_tta-title-text\">An wen kann ich mich mit Fragen wenden?<\/span><i class=\"vc_tta-controls-icon vc_tta-controls-icon-plus\"><\/i><\/a><\/h4><\/div><div class=\"vc_tta-panel-body\">\n\t<div class=\"wpb_text_column wpb_content_element \" >\n\t\t<div class=\"wpb_wrapper\">\n\t\t\t<p>Kontaktieren Sie gerne das Innovationsmanagement, und zwar Dr. Christian Theel, Dr. Julia Metger und Beate Cuypers. Das Innovationsmanagement ist die zentrale Anlaufstelle f\u00fcr alle, egal, ob Sie sich ganz offen beraten lassen m\u00f6chten und nur eine vage Projektidee im Sinn haben oder ob Sie bereits f\u00fcr eine konkrete Projektidee eine Projektskizze einreichen m\u00f6chten.<\/p>\n<p>Wir unterst\u00fctzen Sie gerne und helfen auch bei der Suche nach alternativen Finanzierungsquellen f\u00fcr Ihr Bio\u00f6konomie-Projekt, wenn Ihr Vorhaben nicht unmittelbar \u00fcber Plant\u00b3-Projektmittel finanziert werden kann. Wenden Sie sich gerne direkt an uns!<\/p>\n\n\t\t<\/div>\n\t<\/div>\n<\/div><\/div><div class=\"vc_tta-panel\" id=\"1638234112140-7f29dfc4-72cd\" data-vc-content=\".vc_tta-panel-body\"><div class=\"vc_tta-panel-heading\"><h4 class=\"vc_tta-panel-title vc_tta-controls-icon-position-left\"><a href=\"#1638234112140-7f29dfc4-72cd\" data-vc-accordion data-vc-container=\".vc_tta-container\"><span class=\"vc_tta-title-text\">Wie wird bei Plant\u00b3 mit vertraulichen Informationen umgegangen?<\/span><i class=\"vc_tta-controls-icon vc_tta-controls-icon-plus\"><\/i><\/a><\/h4><\/div><div class=\"vc_tta-panel-body\">\n\t<div class=\"wpb_text_column wpb_content_element \" >\n\t\t<div class=\"wpb_wrapper\">\n\t\t\t<p>Wir sind zu Vertraulichkeit verpflichtet und geben keine vertraulichen Informationen \u00fcber Sie und Ihre Idee weiter, ohne dies mit Ihnen abgesprochen zu haben. Wenn es im Rahmen von Projektanbahnungen zum Austausch von Informationen kommt, dann kann das mit einer Geheimhaltungsvereinbarung abgesichert werden.<\/p>\n\n\t\t<\/div>\n\t<\/div>\n<\/div><\/div><div class=\"vc_tta-panel\" id=\"1661800082477-f15120b0-2c15\" data-vc-content=\".vc_tta-panel-body\"><div class=\"vc_tta-panel-heading\"><h4 class=\"vc_tta-panel-title vc_tta-controls-icon-position-left\"><a href=\"#1661800082477-f15120b0-2c15\" data-vc-accordion data-vc-container=\".vc_tta-container\"><span class=\"vc_tta-title-text\">Welche Betreuung erhalte ich durch das Innovationsmanagement, wenn ich eine F\u00f6rderzusage erhalten habe?<\/span><i class=\"vc_tta-controls-icon vc_tta-controls-icon-plus\"><\/i><\/a><\/h4><\/div><div class=\"vc_tta-panel-body\">\n\t<div class=\"wpb_text_column wpb_content_element \" >\n\t\t<div class=\"wpb_wrapper\">\n\t\t\t<p>Das Innovationsmanagement ist nicht f\u00fcr die Administration und Antragsstellung der einzelnen Projekte zust\u00e4ndig, kann aber folgende Hinweise geben:<\/p>\n<ul>\n<li>F\u00fcr bewilligte Projekte ist i.d.R. ein Zwischenbericht j\u00e4hrlich zum 30. April beim Projekttr\u00e4ger J\u00fclich einzureichen. Im Zwischenbericht sollen i.d.R. die wichtigsten wissenschaftlich-technischen Ergebnisse und andere wesentliche Ereignisse benannt und der Stand des Vorhabens mit der urspr\u00fcnglichen Arbeits-, Zeit- und Ausgabenplanung verglichen werden. Au\u00dferdem soll beleuchtet werden, ob sich die Aussichten auf die Zielerreichung ver\u00e4ndert haben, ob von dritter Seite Ergebnisse bekannt geworden sind, welche die Projektdurchf\u00fchrung beeinflussen, und ob \u00c4nderungen in der Zielsetzung notwendig sind. Schlie\u00dflich soll der Verwertungsplan fortgeschrieben werden.<\/li>\n<li>Zum Projektabschluss muss ebenfalls ein Bericht eingereicht werden.<\/li>\n<li>Die Anforderungen an die Berichte bzw. entsprechende Vorlagen werden im Bewilligungsschreiben des Projekttr\u00e4gers benannt.<\/li>\n<\/ul>\n<p>Wenn Sie Fragen haben, kontaktieren Sie uns gerne direkt!<\/p>\n\n\t\t<\/div>\n\t<\/div>\n<\/div><\/div><\/div><\/div><\/div><\/div><\/div><\/div><\/div><div class=\"wpb_column vc_column_container vc_col-sm-12 vc_col-lg-6 vc_col-md-6 vc_col-xs-12\"><div class=\"vc_column-inner vc_custom_1475335333766\"><div class=\"wpb_wrapper\"><div id=\"ultimate-heading-75669ea038ce30da\" class=\"uvc-heading ult-adjust-bottom-margin ultimate-heading-75669ea038ce30da uvc-1724  uvc-heading-default-font-sizes\" data-hspacer=\"no_spacer\"  data-halign=\"left\" style=\"text-align:left\"><div class=\"uvc-heading-spacer no_spacer\" style=\"top\"><\/div><div class=\"uvc-main-heading ult-responsive\"  data-ultimate-target='.uvc-heading.ultimate-heading-75669ea038ce30da h3'  data-responsive-json-new='{\"font-size\":\"\",\"line-height\":\"\"}' ><h3 style=\"font-weight:bold;margin-bottom:20px;\">Sie haben das Gesuchte nicht gefunden?<\/h3><\/div><\/div>\n\t<div class=\"wpb_text_column wpb_content_element  vc_custom_1591691725159\" >\n\t\t<div class=\"wpb_wrapper\">\n\t\t\t<p>Dann schicken Sie uns Ihre Frage gerne per E-Mail.<\/p>\n\n\t\t<\/div>\n\t<\/div>\n<form class=\"dt-contact-form dt-form privacy-form\" method=\"post\"><input type=\"hidden\" name=\"widget_id\" value=\"presscore-contact-form-widget--1\" \/><input type=\"hidden\" name=\"send_message\" value=\"\" \/><input type=\"hidden\" name=\"security_token\" value=\"a96838e5443b3b6c0915\"\/><div class=\"form-fields\"><span class=\"form-name\"><label class=\"assistive-text\">Name *<\/label><input type=\"text\" class=\"validate[required]\" placeholder=\"Name *\" name=\"name\" value=\"\" aria-required=\"true\">\n<\/span><span class=\"form-mail\"><label class=\"assistive-text\">E-mail *<\/label><input type=\"text\" class=\"validate[required,custom[email]]\" placeholder=\"E-mail *\" name=\"email\" value=\"\" aria-required=\"true\">\n<\/span><\/div><span class=\"form-message\"><label class=\"assistive-text\">Message *<\/label><textarea class=\"validate[required]\" placeholder=\"Message *\" name=\"message\" rows=\"8\" aria-required=\"true\"><\/textarea>\n<\/span><p class=\"the7-form-terms-wrap\"><input type=\"checkbox\" id=\"the7-form-terms-9d12d071c18b535cda26f47f20e5c7ae\" name=\"terms\" class=\"validate[required] the7-form-terms\" aria-required=\"true\" \/>&nbsp;<label for=\"the7-form-terms-9d12d071c18b535cda26f47f20e5c7ae\"><span class=\"form-terms-text\">Ich bin damit einverstanden, dass Plant\u00b3 meine angegebenen personenbezogenen Daten zum Zwecke der Bearbeitung und Beantwortung meiner Anfrage verarbeitet.<\/span><\/label><\/p><p><a href=\"#\" class=\"dt-btn dt-btn-m dt-btn-submit\" rel=\"nofollow\"><span>Nachricht senden<\/span><\/a><input class=\"assistive-text\" type=\"submit\" value=\"submit\"><\/p><\/form>\n<\/div><\/div><\/div><\/div>\n<\/div>","protected":false},"excerpt":{"rendered":"<p>H\u00e4ufig gestellte FragenWelche Vorteile habe ich als Plant\u00b3-B\u00fcndnispartner? Sie werden zu B\u00fcndnisveranstaltungen eingeladen und lernen interessante Personen und potentielle Projektpartner kennen. Sie erfahren mehr \u00fcber den Stand der Technik und \u00fcber bio\u00f6konomische Innovationen. Sie k\u00f6nnen Ver\u00e4nderungsprozesse mitgestalten, zum Beispiel durch Ihr Engagement in den Fokusgruppen. Sie k\u00f6nnen sich im Rahmen des B\u00fcndnisses pr\u00e4sentieren. Ihr Logo&hellip;<\/p>","protected":false},"author":14,"featured_media":0,"parent":0,"menu_order":45,"comment_status":"closed","ping_status":"closed","template":"","meta":{"footnotes":""},"class_list":["post-30298","page","type-page","status-publish","hentry","description-off"],"_links":{"self":[{"href":"https:\/\/biooekonomie.uni-greifswald.de\/en\/wp-json\/wp\/v2\/pages\/30298","targetHints":{"allow":["GET"]}}],"collection":[{"href":"https:\/\/biooekonomie.uni-greifswald.de\/en\/wp-json\/wp\/v2\/pages"}],"about":[{"href":"https:\/\/biooekonomie.uni-greifswald.de\/en\/wp-json\/wp\/v2\/types\/page"}],"author":[{"embeddable":true,"href":"https:\/\/biooekonomie.uni-greifswald.de\/en\/wp-json\/wp\/v2\/users\/14"}],"replies":[{"embeddable":true,"href":"https:\/\/biooekonomie.uni-greifswald.de\/en\/wp-json\/wp\/v2\/comments?post=30298"}],"version-history":[{"count":11,"href":"https:\/\/biooekonomie.uni-greifswald.de\/en\/wp-json\/wp\/v2\/pages\/30298\/revisions"}],"predecessor-version":[{"id":55318,"href":"https:\/\/biooekonomie.uni-greifswald.de\/en\/wp-json\/wp\/v2\/pages\/30298\/revisions\/55318"}],"wp:attachment":[{"href":"https:\/\/biooekonomie.uni-greifswald.de\/en\/wp-json\/wp\/v2\/media?parent=30298"}],"curies":[{"name":"wp","href":"https:\/\/api.w.org\/{rel}","templated":true}]}}