{"id":46407,"date":"2020-06-23T23:30:44","date_gmt":"2020-06-23T21:30:44","guid":{"rendered":"https:\/\/biooekonomie.uni-greifswald.de\/?page_id=46407"},"modified":"2025-06-30T08:19:36","modified_gmt":"2025-06-30T06:19:36","slug":"handlungsfeld-meer","status":"publish","type":"page","link":"https:\/\/biooekonomie.uni-greifswald.de\/en\/home\/handlungsfeld-meer\/","title":{"rendered":"Resource area Sea"},"content":{"rendered":"<div class=\"wpb-content-wrapper\"><div id=\"about\" class=\"vc_row wpb_row vc_row-fluid vc_custom_1572631450078\"><div class=\"wpb_column vc_column_container vc_col-sm-8\"><div class=\"vc_column-inner vc_custom_1572539262054\"><div class=\"wpb_wrapper\"><div id=\"ultimate-heading-359669f1d7792d891\" class=\"uvc-heading ult-adjust-bottom-margin ultimate-heading-359669f1d7792d891 uvc-3786\" data-hspacer=\"no_spacer\"  data-halign=\"left\" style=\"text-align:left\"><div class=\"uvc-heading-spacer no_spacer\" style=\"top\"><\/div><div class=\"uvc-main-heading ult-responsive\"  data-ultimate-target='.uvc-heading.ultimate-heading-359669f1d7792d891 h2'  data-responsive-json-new='{\"font-size\":\"desktop:90px;mobile_landscape:60px;mobile:45px;\",\"line-height\":\"desktop:100px;mobile_landscape:70px;mobile:70px;\"}' ><h2 style=\"font-weight:bold;color:rgba(0,0,0,0.08);margin-bottom:-45px;\">*Resource area<\/h2><\/div><\/div><div id=\"ultimate-heading-925969f1d7792d8fc\" class=\"uvc-heading ult-adjust-bottom-margin ultimate-heading-925969f1d7792d8fc uvc-6857\" data-hspacer=\"no_spacer\"  data-halign=\"left\" style=\"text-align:left\"><div class=\"uvc-heading-spacer no_spacer\" style=\"top\"><\/div><div class=\"uvc-main-heading ult-responsive\"  data-ultimate-target='.uvc-heading.ultimate-heading-925969f1d7792d8fc h2'  data-responsive-json-new='{\"font-size\":\"desktop:38px;mobile_landscape:30px;\",\"line-height\":\"desktop:48px;mobile_landscape:40px;\"}' ><h2 style=\"font-weight:bold;\">SEA<\/h2><\/div><\/div><\/div><\/div><\/div><div class=\"wpb_column vc_column_container vc_col-sm-12 vc_col-lg-offset-0 vc_col-lg-12 vc_col-md-offset-0 vc_col-md-12\"><div class=\"vc_column-inner\"><div class=\"wpb_wrapper\"><div class=\"vc_row wpb_row vc_inner vc_row-fluid vc_custom_1593607185717 vc_row-o-equal-height vc_row-o-content-middle vc_row-flex\"><div class=\"wpb_column vc_column_container vc_col-sm-4 vc_col-lg-offset-0 vc_col-lg-4 vc_col-md-offset-0 vc_col-md-4 vc_col-sm-offset-0 vc_col-xs-offset-2 vc_col-xs-8\"><div class=\"vc_column-inner vc_custom_1572541157143\"><div class=\"wpb_wrapper\"><style type=\"text\/css\" data-type=\"the7_shortcodes-inline-css\">.shortcode-single-image-wrap.shortcode-single-image-98598075740921cc8c80e5eaa2bf882e.enable-bg-rollover .rollover i,\n.shortcode-single-image-wrap.shortcode-single-image-98598075740921cc8c80e5eaa2bf882e.enable-bg-rollover .rollover-video i {\n  background: ;\n  background: -webkit-linear-gradient();\n  background: linear-gradient();\n}\n.shortcode-single-image-wrap.shortcode-single-image-98598075740921cc8c80e5eaa2bf882e .rollover-icon {\n  font-size: 32px;\n  color: #ffffff;\n  min-width: 44px;\n  min-height: 44px;\n  line-height: 44px;\n  border-radius: 100px;\n  border-style: solid;\n  border-width: 0px;\n}\n.dt-icon-bg-on.shortcode-single-image-wrap.shortcode-single-image-98598075740921cc8c80e5eaa2bf882e .rollover-icon {\n  background: rgba(255,255,255,0.3);\n  box-shadow: none;\n}<\/style><div class=\"shortcode-single-image-wrap shortcode-single-image-98598075740921cc8c80e5eaa2bf882e alignnone fadeIn animate-element  enable-bg-rollover dt-icon-bg-off\" style=\"margin-top:0px; margin-bottom:0px; margin-left:0px; margin-right:0px; width:800px;\"><div class=\"shortcode-single-image\"><div class=\"fancy-media-wrap  layzr-bg\" style=\"border-radius:1000px;\"><img fetchpriority=\"high\" decoding=\"async\" class=\"preload-me lazy-load aspect\" src=\"data:image\/svg+xml,%3Csvg%20xmlns%3D&#39;http%3A%2F%2Fwww.w3.org%2F2000%2Fsvg&#39;%20viewBox%3D&#39;0%200%20500%20500&#39;%2F%3E\" data-src=\"https:\/\/biooekonomie.uni-greifswald.de\/wp-content\/uploads\/2020\/07\/info_meer.jpg\" data-srcset=\"https:\/\/biooekonomie.uni-greifswald.de\/wp-content\/uploads\/2020\/07\/info_meer.jpg 500w\" loading=\"eager\" sizes=\"(max-width: 500px) 100vw, 500px\" width=\"500\" height=\"500\"  data-dt-location=\"https:\/\/biooekonomie.uni-greifswald.de\/en\/home\/handlungsfeld-meer\/info_meer\/\" style=\"--ratio: 500 \/ 500;border-radius:1000px;\" alt=\"\" \/><\/div><\/div><\/div><\/div><\/div><\/div><div class=\"wpb_column vc_column_container vc_col-sm-8 vc_col-lg-8 vc_col-md-8\"><div class=\"vc_column-inner vc_custom_1572541164169\"><div class=\"wpb_wrapper\"><div id=\"ultimate-heading-110669f1d7792eb11\" class=\"uvc-heading ult-adjust-bottom-margin ultimate-heading-110669f1d7792eb11 uvc-3725 accent-subtitle-color\" data-hspacer=\"no_spacer\"  data-halign=\"left\" style=\"text-align:left\"><div class=\"uvc-heading-spacer no_spacer\" style=\"top\"><\/div><div class=\"uvc-main-heading ult-responsive\"  data-ultimate-target='.uvc-heading.ultimate-heading-110669f1d7792eb11 h2'  data-responsive-json-new='{\"font-size\":\"desktop:28px;mobile_landscape:30px;\",\"line-height\":\"desktop:38px;mobile_landscape:40px;\"}' ><h2 style=\"font-weight:bold;margin-bottom:5px;\">BRIEFLY EXPLAINED<\/h2><\/div><\/div><div id=\"ultimate-heading-786869f1d7792eb5c\" class=\"uvc-heading ult-adjust-bottom-margin ultimate-heading-786869f1d7792eb5c uvc-5267  uvc-heading-default-font-sizes\" data-hspacer=\"no_spacer\"  data-halign=\"left\" style=\"text-align:left\"><div class=\"uvc-heading-spacer no_spacer\" style=\"top\"><\/div><div class=\"uvc-sub-heading ult-responsive\"  data-ultimate-target='.uvc-heading.ultimate-heading-786869f1d7792eb5c .uvc-sub-heading '  data-responsive-json-new='{\"font-size\":\"desktop:18px;\",\"line-height\":\"desktop:32px;\"}'  style=\"font-weight:normal;\"><\/p>\n<p class=\"p1\"><span class=\"s1\">Das Meer vor unserer Haust\u00fcr bietet ein bisher nur ansatzweise genutztes Wertsch\u00f6pfungspotenzial. So k\u00f6nnen beispielsweise Algen als ma\u00dfgeschneiderte marine Zucker (Oligo-\/ Polysaccharide) f\u00fcr Feinchemikalien und analytische Referenzchemikalien in der Lebensmitteltechnologie (bspw. Carrageen) genutzt werden. Aber auch als Kosmetika und Pharmaka sowie als Nahrungserg\u00e4nzungsmittel und Pr\u00e4biotika f\u00fcr die Tierzucht sind sie nutzbar.<\/span><\/p>\n<p class=\"p1\"><span class=\"s1\">In addition, residues and flotsam are the starting point for animal feed (fatty acids and proteins) and fertiliser. As with land and peatland, fibres obtained from the sea can be used for building and insulation materials or ultimately for energy.<\/span><\/p>\n<p><\/div><\/div><\/div><\/div><\/div><\/div><\/div><\/div><\/div><\/div><!-- Row Backgrounds --><div class=\"upb_color\" data-bg-override=\"ex-full\" data-bg-color=\"#ffffff\" data-fadeout=\"\" data-fadeout-percentage=\"30\" data-parallax-content=\"\" data-parallax-content-sense=\"30\" data-row-effect-mobile-disable=\"true\" data-img-parallax-mobile-disable=\"true\" data-rtl=\"false\"  data-custom-vc-row=\"\"  data-vc=\"8.7.2\"  data-is_old_vc=\"\"  data-theme-support=\"\"   data-overlay=\"false\" data-overlay-color=\"\" data-overlay-pattern=\"\" data-overlay-pattern-opacity=\"\" data-overlay-pattern-size=\"\"    ><\/div><div data-vc-full-width=\"true\" data-vc-full-width-temp=\"true\" data-vc-full-width-init=\"false\" data-vc-stretch-content=\"true\" class=\"vc_row wpb_row vc_row-fluid vc_custom_1593607215486 vc_row-no-padding\"><div class=\"wpb_column vc_column_container vc_col-sm-3 vc_col-has-fill\"><div class=\"vc_column-inner vc_custom_1593607799155\"><div class=\"wpb_wrapper\"><\/div><\/div><\/div><div class=\"wpb_column vc_column_container vc_col-sm-3 vc_col-has-fill\"><div class=\"vc_column-inner vc_custom_1593607852427\"><div class=\"wpb_wrapper\"><\/div><\/div><\/div><div class=\"wpb_column vc_column_container vc_col-sm-3 vc_col-has-fill\"><div class=\"vc_column-inner vc_custom_1593607898427\"><div class=\"wpb_wrapper\"><\/div><\/div><\/div><div class=\"wpb_column vc_column_container vc_col-sm-3 vc_col-has-fill\"><div class=\"vc_column-inner vc_custom_1593607941106\"><div class=\"wpb_wrapper\"><\/div><\/div><\/div><\/div><div class=\"vc_row-full-width vc_clearfix\"><\/div>\n<\/div>","protected":false},"excerpt":{"rendered":"<p>*HANDLUNGSFELDMEERKurz erkl\u00e4rt Das Meer vor unserer Haust\u00fcr bietet ein bisher nur ansatzweise genutztes Wertsch\u00f6pfungspotenzial. So k\u00f6nnen beispielsweise Algen als ma\u00dfgeschneiderte marine Zucker (Oligo-\/ Polysaccharide) f\u00fcr Feinchemikalien und analytische Referenzchemikalien in der Lebensmitteltechnologie (bspw. Carrageen) genutzt werden. Aber auch als Kosmetika und Pharmaka sowie als Nahrungserg\u00e4nzungsmittel und Pr\u00e4biotika f\u00fcr die Tierzucht sind sie nutzbar. Dar\u00fcber hinaus&hellip;<\/p>","protected":false},"author":14,"featured_media":0,"parent":363,"menu_order":20,"comment_status":"closed","ping_status":"closed","template":"template-microsite.php","meta":{"footnotes":""},"class_list":["post-46407","page","type-page","status-publish","hentry","description-off"],"_links":{"self":[{"href":"https:\/\/biooekonomie.uni-greifswald.de\/en\/wp-json\/wp\/v2\/pages\/46407","targetHints":{"allow":["GET"]}}],"collection":[{"href":"https:\/\/biooekonomie.uni-greifswald.de\/en\/wp-json\/wp\/v2\/pages"}],"about":[{"href":"https:\/\/biooekonomie.uni-greifswald.de\/en\/wp-json\/wp\/v2\/types\/page"}],"author":[{"embeddable":true,"href":"https:\/\/biooekonomie.uni-greifswald.de\/en\/wp-json\/wp\/v2\/users\/14"}],"replies":[{"embeddable":true,"href":"https:\/\/biooekonomie.uni-greifswald.de\/en\/wp-json\/wp\/v2\/comments?post=46407"}],"version-history":[{"count":8,"href":"https:\/\/biooekonomie.uni-greifswald.de\/en\/wp-json\/wp\/v2\/pages\/46407\/revisions"}],"predecessor-version":[{"id":56415,"href":"https:\/\/biooekonomie.uni-greifswald.de\/en\/wp-json\/wp\/v2\/pages\/46407\/revisions\/56415"}],"up":[{"embeddable":true,"href":"https:\/\/biooekonomie.uni-greifswald.de\/en\/wp-json\/wp\/v2\/pages\/363"}],"wp:attachment":[{"href":"https:\/\/biooekonomie.uni-greifswald.de\/en\/wp-json\/wp\/v2\/media?parent=46407"}],"curies":[{"name":"wp","href":"https:\/\/api.w.org\/{rel}","templated":true}]}}