{"id":52414,"date":"2020-11-25T12:45:13","date_gmt":"2020-11-25T11:45:13","guid":{"rendered":"https:\/\/biooekonomie.uni-greifswald.de\/?page_id=52414"},"modified":"2022-06-23T12:40:00","modified_gmt":"2022-06-23T10:40:00","slug":"medienbeitraege-ueber-plant%c2%b3","status":"publish","type":"page","link":"https:\/\/biooekonomie.uni-greifswald.de\/en\/medienbeitraege-ueber-plant%c2%b3\/","title":{"rendered":"Medienbeitr\u00e4ge \u00fcber Plant\u00b3"},"content":{"rendered":"<div class=\"wpb-content-wrapper\"><div class=\"vc_row wpb_row vc_row-fluid vc_custom_1597180275635\"><div class=\"wpb_column vc_column_container vc_col-sm-12\"><div class=\"vc_column-inner\"><div class=\"wpb_wrapper\">\n\t<div class=\"wpb_text_column wpb_content_element  vc_custom_1655980797781\" >\n\t\t<div class=\"wpb_wrapper\">\n\t\t\t<p><strong>Uni-Magazin Campus 1456<\/strong>, <a href=\"https:\/\/www.uni-greifswald.de\/universitaet\/information\/aktuelles\/uni-magazin-campus-1456\/ausgabe-12020\/\" target=\"_blank\" rel=\"noopener noreferrer\">Ausgabe 1\/2020<\/a>, Fokus Bio\u00f6konomie<\/p>\n<p><strong>Unternehmen Region<\/strong>, <a href=\"https:\/\/www.innovation-strukturwandel.de\/magazin_1_2021\/#p=12\" target=\"_blank\" rel=\"noopener noreferrer\">Ausgabe 1\/2021<\/a>, &#8222;Moor und mehr&#8220;<\/p>\n<p><strong>Nordkurier<\/strong>, &#8222;Bio\u00f6konomie-B\u00fcndnis arbeitet am Strukturwandel f\u00fcr Vorpommern&#8220;, Matthias Diekhoff, 18.5.2021, ver\u00f6ffentlicht mit freundlicher Genehmigung des Nordkuriers,\u00a0<a href=\"https:\/\/biooekonomie.uni-greifswald.de\/wp-content\/uploads\/2021\/07\/Plant3_Nordkurier_18-05-2021.pdf\" target=\"_blank\" rel=\"noopener noreferrer\">Artikel<\/a><\/p>\n<p><strong>Gr\u00fcndungswerft<\/strong>, &#8222;In Greifswald tragen neue StartUps Forschungsthemen der Bio\u00f6konomie in die Umsetzung&#8220;, Chuck Henjes, 21.7.2021, <a href=\"https:\/\/gruendungswerft.com\/in-greifswald-tragen-neue-startups-forschungsthemen-der-biooekonomie-in-die-umsetzung\/\" target=\"_blank\" rel=\"noopener noreferrer\">Website<\/a><\/p>\n<p><strong>WirtschaftsWoche<\/strong>, &#8222;Die \u00d6konomie des Moores&#8220;, Max Haerder, 25.09.2021,\u00a0 <a href=\"https:\/\/www.wiwo.de\/politik\/deutschland\/nachhaltig-wachsen-die-oekonomie-des-moores\/27644946.html\" target=\"_blank\" rel=\"noopener noreferrer\">Artikel<\/a><\/p>\n<p><strong>NDR-Podcast<\/strong>, &#8222;Dorf Stadt Kreis \u2013 starke Geschichten aus dem Norden&#8220;, <a href=\"https:\/\/www.ndr.de\/radiomv\/podcast4906.html\" target=\"_blank\" rel=\"noopener noreferrer\">Folge #58 \u2013 \u201cBio\u00f6konomie \u2013 eine Chance f\u00fcr Vorpommerns Wirtschaft?&#8220;<\/a>, 25.11.2021<\/p>\n<p><strong>Ostsee-Zeitung<\/strong>, &#8222;Ein Haus aus Hanf f\u00fcr R\u00fcgen&#8220;- ein Artikel \u00fcber den nachhaltigen Baustoff Hanf sowie den Hanfingenieur Henrik Pauly, der Mitglied des Plant\u00b3-Partners Hanffaser Uckermark eG ist, Anne Ziebarth, 30.11.2021, <a href=\"https:\/\/biooekonomie.uni-greifswald.de\/wp-content\/uploads\/2021\/12\/Ein-Haus-aus-Hanf_20211130_OZ_.pdf\" target=\"_blank\" rel=\"noopener noreferrer\">Artikel<\/a><\/p>\n<p><strong>Bundesministerium f\u00fcr Wirtschaft und Klimaschutz<\/strong>, Beispielregionen der industriellen Bio\u00f6konomie, 02.06.2022, <a href=\"https:\/\/www.bmwk.de\/beispielregionen\" target=\"_blank\" rel=\"noopener noreferrer\">Online-Landkarte<\/a><\/p>\n\n\t\t<\/div>\n\t<\/div>\n<\/div><\/div><\/div><\/div><div class=\"vc_row wpb_row vc_row-fluid\"><div class=\"wpb_column vc_column_container vc_col-sm-12\"><div class=\"vc_column-inner\"><div class=\"wpb_wrapper\"><\/div><\/div><\/div><\/div>\n<\/div>","protected":false},"excerpt":{"rendered":"<p>Uni-Magazin Campus 1456, Ausgabe 1\/2020, Fokus Bio\u00f6konomie Unternehmen Region, Ausgabe 1\/2021, &#8222;Moor und mehr&#8220; Nordkurier, &#8222;Bio\u00f6konomie-B\u00fcndnis arbeitet am Strukturwandel f\u00fcr Vorpommern&#8220;, Matthias Diekhoff, 18.5.2021, ver\u00f6ffentlicht mit freundlicher Genehmigung des Nordkuriers,\u00a0Artikel Gr\u00fcndungswerft, &#8222;In Greifswald tragen neue StartUps Forschungsthemen der Bio\u00f6konomie in die Umsetzung&#8220;, Chuck Henjes, 21.7.2021, Website WirtschaftsWoche, &#8222;Die \u00d6konomie des Moores&#8220;, Max Haerder, 25.09.2021,\u00a0 Artikel&hellip;<\/p>","protected":false},"author":5,"featured_media":0,"parent":0,"menu_order":0,"comment_status":"closed","ping_status":"closed","template":"","meta":{"footnotes":""},"class_list":["post-52414","page","type-page","status-publish","hentry","description-off"],"_links":{"self":[{"href":"https:\/\/biooekonomie.uni-greifswald.de\/en\/wp-json\/wp\/v2\/pages\/52414","targetHints":{"allow":["GET"]}}],"collection":[{"href":"https:\/\/biooekonomie.uni-greifswald.de\/en\/wp-json\/wp\/v2\/pages"}],"about":[{"href":"https:\/\/biooekonomie.uni-greifswald.de\/en\/wp-json\/wp\/v2\/types\/page"}],"author":[{"embeddable":true,"href":"https:\/\/biooekonomie.uni-greifswald.de\/en\/wp-json\/wp\/v2\/users\/5"}],"replies":[{"embeddable":true,"href":"https:\/\/biooekonomie.uni-greifswald.de\/en\/wp-json\/wp\/v2\/comments?post=52414"}],"version-history":[{"count":39,"href":"https:\/\/biooekonomie.uni-greifswald.de\/en\/wp-json\/wp\/v2\/pages\/52414\/revisions"}],"predecessor-version":[{"id":54584,"href":"https:\/\/biooekonomie.uni-greifswald.de\/en\/wp-json\/wp\/v2\/pages\/52414\/revisions\/54584"}],"wp:attachment":[{"href":"https:\/\/biooekonomie.uni-greifswald.de\/en\/wp-json\/wp\/v2\/media?parent=52414"}],"curies":[{"name":"wp","href":"https:\/\/api.w.org\/{rel}","templated":true}]}}