{"id":53887,"date":"2021-11-30T11:50:03","date_gmt":"2021-11-30T10:50:03","guid":{"rendered":"https:\/\/biooekonomie.uni-greifswald.de\/?page_id=53887"},"modified":"2023-03-28T15:09:09","modified_gmt":"2023-03-28T13:09:09","slug":"plant%c2%b3-auf-einen-blick","status":"publish","type":"page","link":"https:\/\/biooekonomie.uni-greifswald.de\/en\/plant%c2%b3-auf-einen-blick\/","title":{"rendered":"Plant\u00b3 auf einen Blick"},"content":{"rendered":"<div class=\"wpb-content-wrapper\"><div class=\"vc_row wpb_row vc_row-fluid vc_custom_1597180275635\"><div class=\"wpb_column vc_column_container vc_col-sm-12\"><div class=\"vc_column-inner\"><div class=\"wpb_wrapper\">\n\t<div  class=\"wpb_single_image wpb_content_element vc_align_left\">\n\t\t\n\t\t<figure class=\"wpb_wrapper vc_figure\">\n\t\t\t<a href=\"https:\/\/biooekonomie.uni-greifswald.de\/wp-content\/uploads\/2020\/11\/Plant_3_Flyer_V09.pdf\" target=\"_blank\"  class=\"vc_single_image-wrapper   vc_box_border_grey rollover\"   ><img loading=\"lazy\" decoding=\"async\" width=\"1497\" height=\"1054\" src=\"https:\/\/biooekonomie.uni-greifswald.de\/wp-content\/uploads\/2023\/03\/Flyer_Stand_Maerz_23.png\" class=\"vc_single_image-img attachment-full\" alt=\"\" title=\"Flyer_Stand_M\u00e4rz_23\" srcset=\"https:\/\/biooekonomie.uni-greifswald.de\/wp-content\/uploads\/2023\/03\/Flyer_Stand_Maerz_23.png 1497w, https:\/\/biooekonomie.uni-greifswald.de\/wp-content\/uploads\/2023\/03\/Flyer_Stand_Maerz_23-300x211.png 300w, https:\/\/biooekonomie.uni-greifswald.de\/wp-content\/uploads\/2023\/03\/Flyer_Stand_Maerz_23-1024x721.png 1024w, https:\/\/biooekonomie.uni-greifswald.de\/wp-content\/uploads\/2023\/03\/Flyer_Stand_Maerz_23-768x541.png 768w\" sizes=\"auto, (max-width: 1497px) 100vw, 1497px\"  data-dt-location=\"https:\/\/biooekonomie.uni-greifswald.de\/en\/plant%c2%b3-auf-einen-blick\/flyer_stand_maerz_23\/\" \/><\/a>\n\t\t<\/figure>\n\t<\/div>\n<div class=\"vc_empty_space\"   style=\"height: 32px\"><span class=\"vc_empty_space_inner\"><\/span><\/div>\n\t<div class=\"wpb_text_column wpb_content_element  vc_custom_1680008931766\" >\n\t\t<div class=\"wpb_wrapper\">\n\t\t\t<p>Informationen \u00fcber Plant\u00b3 &#8211; das Bio\u00f6konomieb\u00fcndnis in Nordostdeutschland, M\u00e4rz 2023, <a href=\"https:\/\/biooekonomie.uni-greifswald.de\/wp-content\/uploads\/2023\/03\/Plant_3_Flyer_2023_Maerz.pdf\">Flyer<\/a><\/p>\n\n\t\t<\/div>\n\t<\/div>\n<\/div><\/div><\/div><\/div>\n<\/div>","protected":false},"excerpt":{"rendered":"<p>Informationen \u00fcber Plant\u00b3 &#8211; das Bio\u00f6konomieb\u00fcndnis in Nordostdeutschland, M\u00e4rz 2023, Flyer<\/p>","protected":false},"author":5,"featured_media":0,"parent":0,"menu_order":0,"comment_status":"closed","ping_status":"closed","template":"","meta":{"footnotes":""},"class_list":["post-53887","page","type-page","status-publish","hentry","description-off"],"_links":{"self":[{"href":"https:\/\/biooekonomie.uni-greifswald.de\/en\/wp-json\/wp\/v2\/pages\/53887","targetHints":{"allow":["GET"]}}],"collection":[{"href":"https:\/\/biooekonomie.uni-greifswald.de\/en\/wp-json\/wp\/v2\/pages"}],"about":[{"href":"https:\/\/biooekonomie.uni-greifswald.de\/en\/wp-json\/wp\/v2\/types\/page"}],"author":[{"embeddable":true,"href":"https:\/\/biooekonomie.uni-greifswald.de\/en\/wp-json\/wp\/v2\/users\/5"}],"replies":[{"embeddable":true,"href":"https:\/\/biooekonomie.uni-greifswald.de\/en\/wp-json\/wp\/v2\/comments?post=53887"}],"version-history":[{"count":7,"href":"https:\/\/biooekonomie.uni-greifswald.de\/en\/wp-json\/wp\/v2\/pages\/53887\/revisions"}],"predecessor-version":[{"id":55320,"href":"https:\/\/biooekonomie.uni-greifswald.de\/en\/wp-json\/wp\/v2\/pages\/53887\/revisions\/55320"}],"wp:attachment":[{"href":"https:\/\/biooekonomie.uni-greifswald.de\/en\/wp-json\/wp\/v2\/media?parent=53887"}],"curies":[{"name":"wp","href":"https:\/\/api.w.org\/{rel}","templated":true}]}}