{"id":54631,"date":"2022-07-21T13:15:13","date_gmt":"2022-07-21T11:15:13","guid":{"rendered":"https:\/\/biooekonomie.uni-greifswald.de\/?page_id=54631"},"modified":"2023-03-28T14:51:16","modified_gmt":"2023-03-28T12:51:16","slug":"beteiligung-dialogplant3","status":"publish","type":"page","link":"https:\/\/biooekonomie.uni-greifswald.de\/en\/beteiligung-dialogplant3\/","title":{"rendered":"Beteiligung DialogPlant3"},"content":{"rendered":"<div class=\"wpb-content-wrapper\"><div class=\"vc_row wpb_row vc_row-fluid vc_custom_1644510628185\"><div class=\"wpb_column vc_column_container vc_col-sm-12\"><div class=\"vc_column-inner\"><div class=\"wpb_wrapper\"><div id=\"uvc-type-wrap-3568\"  data-ultimate-target='#uvc-type-wrap-3568'  data-responsive-json-new='{\"font-size\":\"desktop:26px;\",\"line-height\":\"\"}'  class=\"uvc-type-wrap  ult-adjust-bottom-margin ult-responsive  uvc-type-align-center uvc-type-no-prefix uvc-wrap-186324862569df9cc2959a1\" style=\"text-align:center;\"><span id=\"typed-186324862569df9cc2959a1\" class=\"ultimate-typed-main \" style=\"color:#505050; font-weight:bold; text-transform: unset;\"><\/span><script type=\"text\/javascript\">\n\t\t\t\t\t\tjQuery(function($){ \n\t\t\t\t\t\t\t$(document).ready(function(){\n\t\t\t\t\t\t\t\tif( typeof jQuery(\"#typed-186324862569df9cc2959a1\").typed == \"function\"){\n\t\t\t\t\t\t\t\t\t$(\"#typed-186324862569df9cc2959a1\").typed({\n\t\t\t\t\t\t\t\t\t\tstrings: [\"WILLKOMMEN AUF DER DISKUSSIONSPLATTFORM VON DIALOGPLANT\u00b3 - WIR FREUEN UNS, DASS IHR HIER SEID!\"],\n\t\t\t\t\t\t\t\t\t\ttypeSpeed: 3,\n\t\t\t\t\t\t\t\t\t\tbackSpeed: 0,\n\t\t\t\t\t\t\t\t\t\tstartDelay: \"200\",\n\t\t\t\t\t\t\t\t\t\tbackDelay: \"1500\",\n\t\t\t\t\t\t\t\t\t\tloop: false,\n\t\t\t\t\t\t\t\t\t\tloopCount: false,\n\t\t\t\t\t\t\t\t\t\tshowCursor: true,\n\t\t\t\t\t\t\t\t\t\tcursorChar: \"|\",\n\t\t\t\t\t\t\t\t\t\tattr: null\n\t\t\t\t\t\t\t\t\t});\n\t\t\t\t\t\t\t\t}\n\t\t\t\t\t\t\t});\n\t\t\t\t\t\t});\n\t\t\t\t\t<\/script><\/div><\/div><\/div><\/div><\/div><div class=\"vc_row wpb_row vc_row-fluid vc_custom_1663399196794\"><div class=\"wpb_column vc_column_container vc_col-sm-12\"><div class=\"vc_column-inner\"><div class=\"wpb_wrapper\">\n\t<div class=\"wpb_text_column wpb_content_element \" >\n\t\t<div class=\"wpb_wrapper\">\n\t\t\t<p>Die Region Vorpommern ver\u00e4ndert sich stetig. und mit ihr auch die Lebensweisen, W\u00fcnsche und alternative L\u00f6sungswege f\u00fcr die Herausforderungen unserer Zeit.<\/p>\n<p>Diese Diskussionsplattform richtet sich gezielt an B\u00fcrger:innen aus der Region Vorpommern. Sie l\u00e4dt dazu ein, \u00fcber die wirtschaftlichen und gesellschaftlichen Potenziale Vorpommerns und \u00fcber alternative, biobasierte Wirtschaftsformen zu diskutieren und bei der Entwicklung der Region mitzudenken. Dabei geht es um eine nachhaltigere Nutzung von regionalen Rohstoffen aus Land, Moor und Meer \u2013 also um Rohstoffe, die in Vorpommern seit jeher zur Heimat geh\u00f6ren und diese Region einzigartig machen.<\/p>\n<p>Nutzen Sie hier die Gelegenheit, sich mit Ihrer Stimme, Ihren Ideen und Visionen an der Zukunftsdiskussion der Bio\u00f6konomie-Region Vorpommern zu beteiligen.<\/p>\n\n\t\t<\/div>\n\t<\/div>\n<\/div><\/div><\/div><\/div><!-- Row Backgrounds --><div class=\"upb_color\" data-bg-override=\"ex-full\" data-bg-color=\"#f5f5f5\" data-fadeout=\"\" data-fadeout-percentage=\"30\" data-parallax-content=\"\" data-parallax-content-sense=\"30\" data-row-effect-mobile-disable=\"true\" data-img-parallax-mobile-disable=\"true\" data-rtl=\"false\"  data-custom-vc-row=\"\"  data-vc=\"8.7.2\"  data-is_old_vc=\"\"  data-theme-support=\"\"   data-overlay=\"false\" data-overlay-color=\"\" data-overlay-pattern=\"\" data-overlay-pattern-opacity=\"\" data-overlay-pattern-size=\"\"    ><\/div><div class=\"vc_row wpb_row vc_row-fluid vc_custom_1662101647797\"><div class=\"wpb_column vc_column_container vc_col-sm-2 vc_col-sm-offset-0\"><div class=\"vc_column-inner vc_custom_1591028140636\"><div class=\"wpb_wrapper\"><\/div><\/div><\/div><div class=\"wpb_column vc_column_container vc_col-sm-4 vc_col-sm-offset-0\"><div class=\"vc_column-inner vc_custom_1591028151260\"><div class=\"wpb_wrapper\"><div class=\"vc_empty_space\"   style=\"height: 32px\"><span class=\"vc_empty_space_inner\"><\/span><\/div><div class=\"ubtn-img-container \"><img decoding=\"async\" src=\"https:\/\/biooekonomie.uni-greifswald.de\/wp-content\/uploads\/2022\/08\/M\u00e4nnchen.png\" alt=\"null\"\/><div class=\"ubtn-ctn-center \"><a class=\"ubtn-link ult-adjust-bottom-margin ubtn-center ubtn-normal \" href=\"https:\/\/biooekonomie.uni-greifswald.de\/diskussion-dialogplant3\/\" target=\"_blank\" rel=\"noopener\" ><button type=\"button\" id=\"ubtn-6969\"  class=\"ubtn ult-adjust-bottom-margin ult-responsive ubtn-normal ubtn-fade-bg  none  ubtn-sep-icon ubtn-sep-icon-at-left  ubtn-center   tooltip-69df9cc296c89\"  data-hover=\"\" data-border-color=\"\" data-bg=\"#7bbb55\" data-hover-bg=\"rgba(0,0,0,0.22)\" data-border-hover=\"\" data-shadow-hover=\"\" data-shadow-click=\"none\" data-shadow=\"\" data-shd-shadow=\"\"  data-ultimate-target='#ubtn-6969'  data-responsive-json-new='{\"font-size\":\"desktop:22px;\",\"line-height\":\"\"}'  style=\"font-weight:normal;border:none;background: #7bbb55;color: #ffffff;\"><span class=\"ubtn-data ubtn-icon\"><i class=\"fas fa-leaf\" style=\"font-size:14px;color:#ffffff;\"><\/i><\/span><span class=\"ubtn-hover\" style=\"background-color:rgba(0,0,0,0.22)\"><\/span><span class=\"ubtn-data ubtn-text \" >EUER DIALOG<\/span><\/button><\/a><\/div><\/div><\/div><\/div><\/div><div class=\"wpb_column vc_column_container vc_col-sm-2\"><div class=\"vc_column-inner\"><div class=\"wpb_wrapper\"><\/div><\/div><\/div><\/div><section class=\"vc_section\"><div class=\"vc_row wpb_row vc_row-fluid vc_custom_1663399150962\"><div class=\"wpb_column vc_column_container vc_col-sm-12\"><div class=\"vc_column-inner vc_custom_1663399265195\"><div class=\"wpb_wrapper\"><div id=\"ultimate-heading-371869df9cc298891\" class=\"uvc-heading ult-adjust-bottom-margin ultimate-heading-371869df9cc298891 uvc-9450 accent-border-color\" data-hspacer=\"line_only\"  data-halign=\"center\" style=\"text-align:center\"><div class=\"uvc-main-heading ult-responsive\"  data-ultimate-target='.uvc-heading.ultimate-heading-371869df9cc298891 h2'  data-responsive-json-new='{\"font-size\":\"desktop:26px;\",\"line-height\":\"desktop:26px;\"}' ><h2 style=\"--font-weight:theme;margin-bottom:30px;\">\u00dcBER DIALOGPLANT\u00b3<\/h2><\/div><div class=\"uvc-heading-spacer line_only\" style=\"topheight:5px;\"><span class=\"uvc-headings-line\" style=\"border-style:solid;border-bottom-width:5px;border-color:;width:200px;\"><\/span><\/div><\/div><div class=\"vc_row wpb_row vc_inner vc_row-fluid vc_custom_1663399129433\"><div class=\"wpb_column vc_column_container vc_col-sm-6\"><div class=\"vc_column-inner\"><div class=\"wpb_wrapper\">\n\t<div class=\"wpb_text_column wpb_content_element \" >\n\t\t<div class=\"wpb_wrapper\">\n\t\t\t<p>DialogPlant\u00b3 unterst\u00fctzt die gesellschaftliche Transformation hin zur pflanzenbasierten Bio\u00f6konomie durch Forschungs- und Entwicklungsaktivit\u00e4ten, die auf einen ganzheitlichen Dialogprozess unter Einbezug relevanter Stakeholder*innen und der Zivilgesellschaft abzielen. Es werden neue Methoden beforscht, entwickelt und erprobt, um unterschiedliche Perspektiven im Bereich der Bio\u00f6konomie zu erschlie\u00dfen, die f\u00fcr den bio-basierten Strukturwandel im nord\u00f6stlichen Mecklenburg-Vorpommern bedeutsam sind.<\/p>\n\n\t\t<\/div>\n\t<\/div>\n<\/div><\/div><\/div><div class=\"wpb_column vc_column_container vc_col-sm-6\"><div class=\"vc_column-inner\"><div class=\"wpb_wrapper\">\n\t<div class=\"wpb_text_column wpb_content_element \" >\n\t\t<div class=\"wpb_wrapper\">\n\t\t\t<p>Der ganzheitliche, partizipatorische Ansatz von DialogPlant\u00b3 liefert einen wichtigen Mehrwert f\u00fcr das Plant\u00b3-B\u00fcndnis. Die Erschlie\u00dfung und Kombination unterschiedlicher Perspektiven generiert neue Ideen und st\u00e4rkt gleichzeitig die Legitimation f\u00fcr den regionalen, bio-basierten Strukturwandel. Damit entsteht eine regionsspezifische \u201eStory Line\u201c, die dazu dient, das nord\u00f6stliche Mecklenburg-Vorpommern als Wirtschafts- und Innovationsstandort mit dem Schwerpunkt Bio\u00f6konomie bekannt zu machen.<\/p>\n\n\t\t<\/div>\n\t<\/div>\n<\/div><\/div><\/div><\/div><\/div><\/div><\/div><\/div><!-- Row Backgrounds --><div class=\"upb_color\" data-bg-override=\"ex-full\" data-bg-color=\"#f5f5f5\" data-fadeout=\"\" data-fadeout-percentage=\"30\" data-parallax-content=\"\" data-parallax-content-sense=\"30\" data-row-effect-mobile-disable=\"true\" data-img-parallax-mobile-disable=\"true\" data-rtl=\"false\"  data-custom-vc-row=\"\"  data-vc=\"8.7.2\"  data-is_old_vc=\"\"  data-theme-support=\"\"   data-overlay=\"false\" data-overlay-color=\"\" data-overlay-pattern=\"\" data-overlay-pattern-opacity=\"\" data-overlay-pattern-size=\"\"    ><\/div><div class=\"vc_row wpb_row vc_row-fluid vc_custom_1663399307418\"><div class=\"wpb_column vc_column_container vc_col-sm-12\"><div class=\"vc_column-inner\"><div class=\"wpb_wrapper\"><div id=\"ultimate-heading-729269df9cc298ffd\" class=\"uvc-heading ult-adjust-bottom-margin ultimate-heading-729269df9cc298ffd uvc-4784 accent-border-color\" data-hspacer=\"line_only\"  data-halign=\"center\" style=\"text-align:center\"><div class=\"uvc-main-heading ult-responsive\"  data-ultimate-target='.uvc-heading.ultimate-heading-729269df9cc298ffd h2'  data-responsive-json-new='{\"font-size\":\"desktop:26px;\",\"line-height\":\"desktop:26px;\"}' ><h2 style=\"--font-weight:theme;margin-bottom:30px;\">KONTAKT ZU DIALOGPLANT\u00b3<\/h2><\/div><div class=\"uvc-heading-spacer line_only\" style=\"topheight:5px;\"><span class=\"uvc-headings-line\" style=\"border-style:solid;border-bottom-width:5px;border-color:;width:200px;\"><\/span><\/div><\/div><div class=\"vc_row wpb_row vc_inner vc_row-fluid vc_custom_1662101816822\"><div class=\"wpb_column vc_column_container vc_col-sm-4\"><div class=\"vc_column-inner\"><div class=\"wpb_wrapper\">\n\t<div class=\"wpb_text_column wpb_content_element \" >\n\t\t<div class=\"wpb_wrapper\">\n\t\t\t<p>Angesiedelt am Lehrstuhl f\u00fcr Humangeographie wird das Projekt \u201eDialogPlant\u00b3\u201c von Lehrstuhlinhaberin Prof. Dr. Christine Tam\u00e1sy und Dr. Oliver Klein geleitet. Mehr Infos \u00fcber DialogPlant\u00b3 findet Ihr \u2192 <a href=\"https:\/\/biooekonomie.uni-greifswald.de\/project\/dialogplant%c2%b3\/\" target=\"_blank\" rel=\"noopener noreferrer\">hier<\/a>.<\/p>\n\n\t\t<\/div>\n\t<\/div>\n<\/div><\/div><\/div><div class=\"wpb_column vc_column_container vc_col-sm-4\"><div class=\"vc_column-inner\"><div class=\"wpb_wrapper\">\n\t<div class=\"wpb_text_column wpb_content_element \" >\n\t\t<div class=\"wpb_wrapper\">\n\t\t\t<p><strong>Anschrift<\/strong><\/p>\n<p>Universit\u00e4t Greifswald<br \/>\nInstitut f\u00fcr Geographie und Geologie<br \/>\nLehrstuhl f\u00fcr Humangeographie<\/p>\n<p>Friedrich-Ludwig-Jahn-Str. 17a<br \/>\n17489 Greifswald<\/p>\n\n\t\t<\/div>\n\t<\/div>\n<\/div><\/div><\/div><div class=\"wpb_column vc_column_container vc_col-sm-4\"><div class=\"vc_column-inner\"><div class=\"wpb_wrapper\">\n\t<div class=\"wpb_text_column wpb_content_element \" >\n\t\t<div class=\"wpb_wrapper\">\n\t\t\t<p><strong>Daniel Trebing<\/strong><\/p>\n<p>Telefon: +49 3834 420-4534<br \/>\nE-Mail: daniel.trebing@uni-greifswald.de<\/p>\n<p><strong>Prof. Dr. Christine Tam\u00e1sy<\/strong><\/p>\n<p>Telefon: +49 3834 420-4535<br \/>\nE-Mail: christine.tamasy@uni-greifswald.de<\/p>\n<p><strong>Dr. Oliver Klein<\/strong><\/p>\n<p>Telefon: +49 3834 420-4530<br \/>\nE-Mail: oliver.klein@uni-greifswald.de<\/p>\n\n\t\t<\/div>\n\t<\/div>\n<\/div><\/div><\/div><\/div><\/div><\/div><\/div><\/div><\/section>\n<\/div>","protected":false},"excerpt":{"rendered":"<p>Die Region Vorpommern ver\u00e4ndert sich stetig. und mit ihr auch die Lebensweisen, W\u00fcnsche und alternative L\u00f6sungswege f\u00fcr die Herausforderungen unserer Zeit. Diese Diskussionsplattform richtet sich gezielt an B\u00fcrger:innen aus der Region Vorpommern. Sie l\u00e4dt dazu ein, \u00fcber die wirtschaftlichen und gesellschaftlichen Potenziale Vorpommerns und \u00fcber alternative, biobasierte Wirtschaftsformen zu diskutieren und bei der Entwicklung der&hellip;<\/p>","protected":false},"author":5,"featured_media":0,"parent":0,"menu_order":0,"comment_status":"closed","ping_status":"closed","template":"","meta":{"footnotes":""},"class_list":["post-54631","page","type-page","status-publish","hentry","description-off"],"_links":{"self":[{"href":"https:\/\/biooekonomie.uni-greifswald.de\/en\/wp-json\/wp\/v2\/pages\/54631","targetHints":{"allow":["GET"]}}],"collection":[{"href":"https:\/\/biooekonomie.uni-greifswald.de\/en\/wp-json\/wp\/v2\/pages"}],"about":[{"href":"https:\/\/biooekonomie.uni-greifswald.de\/en\/wp-json\/wp\/v2\/types\/page"}],"author":[{"embeddable":true,"href":"https:\/\/biooekonomie.uni-greifswald.de\/en\/wp-json\/wp\/v2\/users\/5"}],"replies":[{"embeddable":true,"href":"https:\/\/biooekonomie.uni-greifswald.de\/en\/wp-json\/wp\/v2\/comments?post=54631"}],"version-history":[{"count":28,"href":"https:\/\/biooekonomie.uni-greifswald.de\/en\/wp-json\/wp\/v2\/pages\/54631\/revisions"}],"predecessor-version":[{"id":55315,"href":"https:\/\/biooekonomie.uni-greifswald.de\/en\/wp-json\/wp\/v2\/pages\/54631\/revisions\/55315"}],"wp:attachment":[{"href":"https:\/\/biooekonomie.uni-greifswald.de\/en\/wp-json\/wp\/v2\/media?parent=54631"}],"curies":[{"name":"wp","href":"https:\/\/api.w.org\/{rel}","templated":true}]}}