{"id":54698,"date":"2022-08-27T16:59:33","date_gmt":"2022-08-27T14:59:33","guid":{"rendered":"https:\/\/biooekonomie.uni-greifswald.de\/?page_id=54698"},"modified":"2023-03-28T14:58:48","modified_gmt":"2023-03-28T12:58:48","slug":"diskussion-dialogplant3","status":"publish","type":"page","link":"https:\/\/biooekonomie.uni-greifswald.de\/en\/diskussion-dialogplant3\/","title":{"rendered":"Diskussion DialogPlant3"},"content":{"rendered":"<div class=\"wpb-content-wrapper\"><div class=\"vc_row wpb_row vc_row-fluid vc_custom_1644510628185\"><div class=\"wpb_column vc_column_container vc_col-sm-12\"><div class=\"vc_column-inner\"><div class=\"wpb_wrapper\"><div id=\"uvc-type-wrap-4233\"  data-ultimate-target='#uvc-type-wrap-4233'  data-responsive-json-new='{\"font-size\":\"desktop:26px;\",\"line-height\":\"\"}'  class=\"uvc-type-wrap  ult-adjust-bottom-margin ult-responsive  uvc-type-align-center uvc-type-no-prefix uvc-wrap-305949339969eb6d6576ca6\" style=\"text-align:center;\"><span id=\"typed-305949339969eb6d6576ca6\" class=\"ultimate-typed-main \" style=\"color:#505050; font-weight:bold; text-transform: unset;\"><\/span><script type=\"text\/javascript\">\n\t\t\t\t\t\tjQuery(function($){ \n\t\t\t\t\t\t\t$(document).ready(function(){\n\t\t\t\t\t\t\t\tif( typeof jQuery(\"#typed-305949339969eb6d6576ca6\").typed == \"function\"){\n\t\t\t\t\t\t\t\t\t$(\"#typed-305949339969eb6d6576ca6\").typed({\n\t\t\t\t\t\t\t\t\t\tstrings: [\"HIER FINDET IHR UNSERE AKTUELLEN DISKUSSIONSTHEMEN. SPRECHT GERNE MIT!\"],\n\t\t\t\t\t\t\t\t\t\ttypeSpeed: 3,\n\t\t\t\t\t\t\t\t\t\tbackSpeed: 0,\n\t\t\t\t\t\t\t\t\t\tstartDelay: \"200\",\n\t\t\t\t\t\t\t\t\t\tbackDelay: \"1500\",\n\t\t\t\t\t\t\t\t\t\tloop: false,\n\t\t\t\t\t\t\t\t\t\tloopCount: false,\n\t\t\t\t\t\t\t\t\t\tshowCursor: true,\n\t\t\t\t\t\t\t\t\t\tcursorChar: \"|\",\n\t\t\t\t\t\t\t\t\t\tattr: null\n\t\t\t\t\t\t\t\t\t});\n\t\t\t\t\t\t\t\t}\n\t\t\t\t\t\t\t});\n\t\t\t\t\t\t});\n\t\t\t\t\t<\/script><\/div><\/div><\/div><\/div><\/div><div class=\"vc_row wpb_row vc_row-fluid vc_custom_1661613009200 vc_row-o-equal-height vc_row-flex\"><div class=\"wpb_column vc_column_container vc_col-sm-4 vc_col-sm-offset-0\"><div class=\"vc_column-inner vc_custom_1663342460613\"><div class=\"wpb_wrapper\"><div class=\"vc_empty_space\"   style=\"height: 32px\"><span class=\"vc_empty_space_inner\"><\/span><\/div>\n\t<div class=\"wpb_text_column wpb_content_element \" >\n\t\t<div class=\"wpb_wrapper\">\n\t\t\t<p><span style=\"font-size: 24pt;\"><strong>Region<\/strong><\/span><\/p>\n\n\t\t<\/div>\n\t<\/div>\n<\/div><\/div><\/div><\/div><div class=\"vc_row wpb_row vc_row-fluid vc_custom_1679574506523 vc_row-o-equal-height vc_row-flex\"><div class=\"wpb_column vc_column_container vc_col-sm-4\"><div class=\"vc_column-inner\"><div class=\"wpb_wrapper\">\n\t<div class=\"wpb_text_column wpb_content_element \" >\n\t\t<div class=\"wpb_wrapper\">\n\t\t\t<p>Stell dir vor, du erz\u00e4hlst jemandem von Vorpommern. Du erz\u00e4hlst der Person, woher du kommst, und was diese Region ausmacht. Was w\u00fcrdest du ihr erz\u00e4hlen?<\/p>\n\n\t\t<\/div>\n\t<\/div>\n<\/div><\/div><\/div><div class=\"wpb_column vc_column_container vc_col-sm-4\"><div class=\"vc_column-inner\"><div class=\"wpb_wrapper\">\n\t<div class=\"wpb_text_column wpb_content_element \" >\n\t\t<div class=\"wpb_wrapper\">\n\t\t\t<p>Nun erz\u00e4hle einer fremden Person, was besonders sch\u00f6n in Vorpommern ist, oder was besonders gut in der Region funktioniert!<\/p>\n\n\t\t<\/div>\n\t<\/div>\n<\/div><\/div><\/div><div class=\"wpb_column vc_column_container vc_col-sm-4\"><div class=\"vc_column-inner\"><div class=\"wpb_wrapper\">\n\t<div class=\"wpb_text_column wpb_content_element \" >\n\t\t<div class=\"wpb_wrapper\">\n\t\t\t<p>Was l\u00e4uft in Vorpommern zu Zeit nicht gut? Wo gibt es Probleme oder unbedingten Verbesserungsbedarf in der Region? Was fehlt dir?<\/p>\n\n\t\t<\/div>\n\t<\/div>\n<\/div><\/div><\/div><\/div><div class=\"vc_row wpb_row vc_row-fluid vc_custom_1679574200745 vc_row-o-equal-height vc_row-flex\"><div class=\"wpb_column vc_column_container vc_col-sm-4\"><div class=\"vc_column-inner\"><div class=\"wpb_wrapper\">\n\t<div class=\"wpb_text_column wpb_content_element  vc_custom_1676541015915\" >\n\t\t<div class=\"wpb_wrapper\">\n\t\t\t<p style=\"text-align: center;\"><strong>Was bedeutet f\u00fcr dich eigentlich <em>REGION<\/em>?<\/strong><\/p>\n\n\t\t<\/div>\n\t<\/div>\n<\/div><\/div><\/div><div class=\"wpb_column vc_column_container vc_col-sm-4\"><div class=\"vc_column-inner\"><div class=\"wpb_wrapper\">\n\t<div class=\"wpb_text_column wpb_content_element  vc_custom_1676541035172\" >\n\t\t<div class=\"wpb_wrapper\">\n\t\t\t<p style=\"text-align: center;\"><strong>Was gef\u00e4llt dir an Vorpommern?<\/strong><\/p>\n\n\t\t<\/div>\n\t<\/div>\n<\/div><\/div><\/div><div class=\"wpb_column vc_column_container vc_col-sm-4\"><div class=\"vc_column-inner\"><div class=\"wpb_wrapper\">\n\t<div class=\"wpb_text_column wpb_content_element  vc_custom_1676539602298\" >\n\t\t<div class=\"wpb_wrapper\">\n\t\t\t<p style=\"text-align: center;\"><strong>Was gef\u00e4llt dir nicht an Vorpommern?<\/strong><\/p>\n\n\t\t<\/div>\n\t<\/div>\n<\/div><\/div><\/div><\/div><div class=\"vc_row wpb_row vc_row-fluid vc_custom_1679574200745 vc_row-o-equal-height vc_row-flex\"><div class=\"wpb_column vc_column_container vc_col-sm-4\"><div class=\"vc_column-inner\"><div class=\"wpb_wrapper\"><style type=\"text\/css\" data-type=\"the7_shortcodes-inline-css\">#default-btn-4cfc2429f8da504d7343b3b51c55c354.ico-right-side > i {\n  margin-right: 0px;\n  margin-left: 8px;\n}\n#default-btn-4cfc2429f8da504d7343b3b51c55c354 > i {\n  margin-right: 8px;\n}<\/style><div class=\"btn-align-center\"><a href=\"https:\/\/biooekonomie.uni-greifswald.de\/diskussionsthema-1\/\" class=\"default-btn-shortcode dt-btn dt-btn-l link-hover-off  vc_custom_1661613725732\" target=\"_blank\" id=\"default-btn-4cfc2429f8da504d7343b3b51c55c354\" style=\"width:300px;\" rel=\"noopener\"><span>ZUR DISKUSSION<\/span><\/a><\/div><\/div><\/div><\/div><div class=\"wpb_column vc_column_container vc_col-sm-4\"><div class=\"vc_column-inner\"><div class=\"wpb_wrapper\"><style type=\"text\/css\" data-type=\"the7_shortcodes-inline-css\">#default-btn-79203b5de79f2ae1a1200111fe719afd.ico-right-side > i {\n  margin-right: 0px;\n  margin-left: 8px;\n}\n#default-btn-79203b5de79f2ae1a1200111fe719afd > i {\n  margin-right: 8px;\n}<\/style><div class=\"btn-align-center\"><a href=\"https:\/\/biooekonomie.uni-greifswald.de\/diskussionsthema-2-thema-region\" class=\"default-btn-shortcode dt-btn dt-btn-l link-hover-off  vc_custom_1676541370401\" target=\"_blank\" id=\"default-btn-79203b5de79f2ae1a1200111fe719afd\" style=\"width:300px;\" rel=\"noopener\"><span>ZUR DISKUSSION<\/span><\/a><\/div><\/div><\/div><\/div><div class=\"wpb_column vc_column_container vc_col-sm-4\"><div class=\"vc_column-inner\"><div class=\"wpb_wrapper\"><style type=\"text\/css\" data-type=\"the7_shortcodes-inline-css\">#default-btn-a9599928c8a047aa8df6ac9f0063f01e.ico-right-side > i {\n  margin-right: 0px;\n  margin-left: 8px;\n}\n#default-btn-a9599928c8a047aa8df6ac9f0063f01e > i {\n  margin-right: 8px;\n}<\/style><div class=\"btn-align-center\"><a href=\"https:\/\/biooekonomie.uni-greifswald.de\/diskussionsthema-3-thema-region\/\" class=\"default-btn-shortcode dt-btn dt-btn-l link-hover-off  vc_custom_1676541716135\" target=\"_blank\" id=\"default-btn-a9599928c8a047aa8df6ac9f0063f01e\" style=\"width:300px;\" rel=\"noopener\"><span>ZUR DISKUSSION<\/span><\/a><\/div><\/div><\/div><\/div><\/div><div class=\"vc_row wpb_row vc_row-fluid vc_custom_1661613009200 vc_row-o-equal-height vc_row-flex\"><div class=\"wpb_column vc_column_container vc_col-sm-4\"><div class=\"vc_column-inner\"><div class=\"wpb_wrapper\"><div class=\"vc_empty_space\"   style=\"height: 60px\"><span class=\"vc_empty_space_inner\"><\/span><\/div><\/div><\/div><\/div><\/div><div class=\"vc_row wpb_row vc_row-fluid vc_row-o-equal-height vc_row-flex\"><div class=\"wpb_column vc_column_container vc_col-sm-4 vc_col-sm-offset-0\"><div class=\"vc_column-inner vc_custom_1663342487493\"><div class=\"wpb_wrapper\"><div class=\"vc_empty_space\"   style=\"height: 32px\"><span class=\"vc_empty_space_inner\"><\/span><\/div>\n\t<div class=\"wpb_text_column wpb_content_element \" >\n\t\t<div class=\"wpb_wrapper\">\n\t\t\t<p><strong><span style=\"font-size: 24pt;\">Zukunft<\/span><\/strong><\/p>\n\n\t\t<\/div>\n\t<\/div>\n<\/div><\/div><\/div><\/div><div class=\"vc_row wpb_row vc_row-fluid vc_row-o-equal-height vc_row-flex\"><div class=\"wpb_column vc_column_container vc_col-sm-4 vc_col-sm-offset-0\"><div class=\"vc_column-inner vc_custom_1663342487493\"><div class=\"wpb_wrapper\">\n\t<div class=\"wpb_text_column wpb_content_element  vc_custom_1676539910269\" >\n\t\t<div class=\"wpb_wrapper\">\n\t\t\t<p>Die Region entwickelt sich stetig weiter. Manche Bedingungen verbessern sich, manche verschlechtern sich. Was bereitet dir Sorgen?<\/p>\n\n\t\t<\/div>\n\t<\/div>\n<\/div><\/div><\/div><div class=\"wpb_column vc_column_container vc_col-sm-4 vc_col-sm-offset-0\"><div class=\"vc_column-inner vc_custom_1591028140636\"><div class=\"wpb_wrapper\">\n\t<div class=\"wpb_text_column wpb_content_element  vc_custom_1676539969070\" >\n\t\t<div class=\"wpb_wrapper\">\n\t\t\t<p>Viele Menschen arbeiten an regionalen Konzepten, die das Leben in Vorpommern verbessern sollen. Welche Themen d\u00fcrfen da auf keinen Fall fehlen?<\/p>\n\n\t\t<\/div>\n\t<\/div>\n<\/div><\/div><\/div><\/div><div class=\"vc_row wpb_row vc_row-fluid vc_row-o-equal-height vc_row-flex\"><div class=\"wpb_column vc_column_container vc_col-sm-4 vc_col-sm-offset-0\"><div class=\"vc_column-inner vc_custom_1663342487493\"><div class=\"wpb_wrapper\">\n\t<div class=\"wpb_text_column wpb_content_element  vc_custom_1676539886159\" >\n\t\t<div class=\"wpb_wrapper\">\n\t\t\t<p style=\"text-align: center;\"><strong>Welche Zukunftsthemen oder Sorgen besch\u00e4ftigen dich im Alltag?<\/strong><\/p>\n\n\t\t<\/div>\n\t<\/div>\n<\/div><\/div><\/div><div class=\"wpb_column vc_column_container vc_col-sm-4 vc_col-sm-offset-0\"><div class=\"vc_column-inner vc_custom_1591028140636\"><div class=\"wpb_wrapper\">\n\t<div class=\"wpb_text_column wpb_content_element  vc_custom_1676540034598\" >\n\t\t<div class=\"wpb_wrapper\">\n\t\t\t<p style=\"text-align: center;\"><strong>\u00dcber welche regionalen Zukunftsfragen sollte mehr diskutiert werden?<\/strong><\/p>\n\n\t\t<\/div>\n\t<\/div>\n<\/div><\/div><\/div><\/div><div class=\"vc_row wpb_row vc_row-fluid vc_row-o-equal-height vc_row-flex\"><div class=\"wpb_column vc_column_container vc_col-sm-4 vc_col-sm-offset-0\"><div class=\"vc_column-inner vc_custom_1663342487493\"><div class=\"wpb_wrapper\"><style type=\"text\/css\" data-type=\"the7_shortcodes-inline-css\">#default-btn-e54a6e2312d948d6ec5058c543bc1606.ico-right-side > i {\n  margin-right: 0px;\n  margin-left: 8px;\n}\n#default-btn-e54a6e2312d948d6ec5058c543bc1606 > i {\n  margin-right: 8px;\n}<\/style><div class=\"btn-align-center\"><a href=\"https:\/\/biooekonomie.uni-greifswald.de\/diskussionsthema-4-thema-zukunft\/\" class=\"default-btn-shortcode dt-btn dt-btn-l link-hover-off  vc_custom_1676542964767\" target=\"_blank\" id=\"default-btn-e54a6e2312d948d6ec5058c543bc1606\" style=\"width:300px;\" rel=\"noopener\"><span>ZUR DISKUSSION<\/span><\/a><\/div><\/div><\/div><\/div><div class=\"wpb_column vc_column_container vc_col-sm-4 vc_col-sm-offset-0\"><div class=\"vc_column-inner vc_custom_1591028140636\"><div class=\"wpb_wrapper\"><style type=\"text\/css\" data-type=\"the7_shortcodes-inline-css\">#default-btn-71d400c55840d5b01d1e6a55b3439aff.ico-right-side > i {\n  margin-right: 0px;\n  margin-left: 8px;\n}\n#default-btn-71d400c55840d5b01d1e6a55b3439aff > i {\n  margin-right: 8px;\n}<\/style><div class=\"btn-align-center\"><a href=\"https:\/\/biooekonomie.uni-greifswald.de\/diskussionsthema-5-thema-zukunft\/\" class=\"default-btn-shortcode dt-btn dt-btn-l link-hover-off  vc_custom_1676542860526\" target=\"_blank\" id=\"default-btn-71d400c55840d5b01d1e6a55b3439aff\" style=\"width:300px;\" rel=\"noopener\"><span>ZUR DISKUSSION<\/span><\/a><\/div><\/div><\/div><\/div><\/div><div class=\"vc_row wpb_row vc_row-fluid vc_row-o-equal-height vc_row-flex\"><div class=\"wpb_column vc_column_container vc_col-sm-4 vc_col-sm-offset-0\"><div class=\"vc_column-inner vc_custom_1663342487493\"><div class=\"wpb_wrapper\"><div class=\"vc_empty_space\"   style=\"height: 60px\"><span class=\"vc_empty_space_inner\"><\/span><\/div><\/div><\/div><\/div><\/div><div class=\"vc_row wpb_row vc_row-fluid vc_row-o-equal-height vc_row-flex\"><div class=\"wpb_column vc_column_container vc_col-sm-4 vc_col-sm-offset-0\"><div class=\"vc_column-inner vc_custom_1591028129864\"><div class=\"wpb_wrapper\"><div class=\"vc_empty_space\"   style=\"height: 32px\"><span class=\"vc_empty_space_inner\"><\/span><\/div>\n\t<div class=\"wpb_text_column wpb_content_element \" >\n\t\t<div class=\"wpb_wrapper\">\n\t\t\t<p><strong><span style=\"font-size: 24pt;\">Bio\u00f6konomie<\/span><\/strong><\/p>\n\n\t\t<\/div>\n\t<\/div>\n<\/div><\/div><\/div><div class=\"wpb_column vc_column_container vc_col-sm-4\"><div class=\"vc_column-inner\"><div class=\"wpb_wrapper\"><\/div><\/div><\/div><\/div><div class=\"vc_row wpb_row vc_row-fluid vc_row-o-equal-height vc_row-flex\"><div class=\"wpb_column vc_column_container vc_col-sm-4 vc_col-sm-offset-0\"><div class=\"vc_column-inner vc_custom_1591028129864\"><div class=\"wpb_wrapper\">\n\t<div class=\"wpb_text_column wpb_content_element  vc_custom_1676540084106\" >\n\t\t<div class=\"wpb_wrapper\">\n\t\t\t<p>Auch wenn es auf der Website von Plant\u00b3 allerhand Informationen zur Bio\u00f6konomie gibt, interessiert uns, was du darunter verstehst! (Es gibt keine richtigen oder falschen Antworten!)<\/p>\n\n\t\t<\/div>\n\t<\/div>\n<\/div><\/div><\/div><div class=\"wpb_column vc_column_container vc_col-sm-4 vc_col-sm-offset-0\"><div class=\"vc_column-inner vc_custom_1591028140636\"><div class=\"wpb_wrapper\">\n\t<div class=\"wpb_text_column wpb_content_element  vc_custom_1676540183400\" >\n\t\t<div class=\"wpb_wrapper\">\n\t\t\t<p>Ob Arzneiprodukte aus Moorpflanzen, D\u00e4mmmaterialien aus Schilf oder Autoreifen aus L\u00f6wenzahn: Ideen &amp; Produkte aus Vorpommern, die Ressourcen und Besonderheiten der Region nutzen, gibt es viele. Was h\u00e4ltst du davon?<\/p>\n\n\t\t<\/div>\n\t<\/div>\n<\/div><\/div><\/div><div class=\"wpb_column vc_column_container vc_col-sm-4\"><div class=\"vc_column-inner\"><div class=\"wpb_wrapper\">\n\t<div class=\"wpb_text_column wpb_content_element  vc_custom_1676540294311\" >\n\t\t<div class=\"wpb_wrapper\">\n\t\t\t<p>Bei zukunftsweisenden, neuen und innovativen Wirtschaftsans\u00e4tzen wie der Bio\u00f6konomie, kann es vorkommen, dass manche Themenfelder oder Umsetzungsdetails noch zu wenig beleuchtet oder diskutiert wurden. Was fehlt dir? Wor\u00fcber sollte mehr gesprochen werden? Was st\u00f6rt dich an der Bio\u00f6konomie?<\/p>\n\n\t\t<\/div>\n\t<\/div>\n<\/div><\/div><\/div><\/div><div class=\"vc_row wpb_row vc_row-fluid vc_row-o-equal-height vc_row-flex\"><div class=\"wpb_column vc_column_container vc_col-sm-4 vc_col-sm-offset-0\"><div class=\"vc_column-inner vc_custom_1591028129864\"><div class=\"wpb_wrapper\">\n\t<div class=\"wpb_text_column wpb_content_element  vc_custom_1676540105211\" >\n\t\t<div class=\"wpb_wrapper\">\n\t\t\t<p style=\"text-align: center;\"><strong>Was ist eigentlich Bio\u00f6konomie?<\/strong><\/p>\n\n\t\t<\/div>\n\t<\/div>\n<\/div><\/div><\/div><div class=\"wpb_column vc_column_container vc_col-sm-4 vc_col-sm-offset-0\"><div class=\"vc_column-inner vc_custom_1591028140636\"><div class=\"wpb_wrapper\">\n\t<div class=\"wpb_text_column wpb_content_element  vc_custom_1676540240745\" >\n\t\t<div class=\"wpb_wrapper\">\n\t\t\t<p style=\"text-align: center;\"><strong>Was h\u00e4ltst du von der Idee, bio-basierte Wirtschaft in Vorpommern anzusiedeln?<\/strong><\/p>\n\n\t\t<\/div>\n\t<\/div>\n<\/div><\/div><\/div><div class=\"wpb_column vc_column_container vc_col-sm-4\"><div class=\"vc_column-inner\"><div class=\"wpb_wrapper\">\n\t<div class=\"wpb_text_column wpb_content_element  vc_custom_1676540331013\" >\n\t\t<div class=\"wpb_wrapper\">\n\t\t\t<p style=\"text-align: center;\"><strong>Welche Kritik f\u00e4llt dir zu Bio\u00f6konomie ein?<\/strong><\/p>\n\n\t\t<\/div>\n\t<\/div>\n<\/div><\/div><\/div><\/div><div class=\"vc_row wpb_row vc_row-fluid vc_row-o-equal-height vc_row-flex\"><div class=\"wpb_column vc_column_container vc_col-sm-4 vc_col-sm-offset-0\"><div class=\"vc_column-inner vc_custom_1591028129864\"><div class=\"wpb_wrapper\"><style type=\"text\/css\" data-type=\"the7_shortcodes-inline-css\">#default-btn-f1015e1617d430ba3de19bcad8a5475f.ico-right-side > i {\n  margin-right: 0px;\n  margin-left: 8px;\n}\n#default-btn-f1015e1617d430ba3de19bcad8a5475f > i {\n  margin-right: 8px;\n}<\/style><div class=\"btn-align-center\"><a href=\"https:\/\/biooekonomie.uni-greifswald.de\/diskussionsthema-6-thema-biooekonomie\/\" class=\"default-btn-shortcode dt-btn dt-btn-l link-hover-off  vc_custom_1676543062973\" target=\"_blank\" id=\"default-btn-f1015e1617d430ba3de19bcad8a5475f\" style=\"width:300px;\" rel=\"noopener\"><span>ZUR DISKUSSION<\/span><\/a><\/div><\/div><\/div><\/div><div class=\"wpb_column vc_column_container vc_col-sm-4 vc_col-sm-offset-0\"><div class=\"vc_column-inner vc_custom_1591028140636\"><div class=\"wpb_wrapper\"><style type=\"text\/css\" data-type=\"the7_shortcodes-inline-css\">#default-btn-c93a61f1731fcd439747bd807e829014.ico-right-side > i {\n  margin-right: 0px;\n  margin-left: 8px;\n}\n#default-btn-c93a61f1731fcd439747bd807e829014 > i {\n  margin-right: 8px;\n}<\/style><div class=\"btn-align-center\"><a href=\"https:\/\/biooekonomie.uni-greifswald.de\/diskussionsthema-7-thema-biooekonomie\/\" class=\"default-btn-shortcode dt-btn dt-btn-l link-hover-off  vc_custom_1676543611637\" target=\"_blank\" id=\"default-btn-c93a61f1731fcd439747bd807e829014\" style=\"width:300px;\" rel=\"noopener\"><span>ZUR DISKUSSION<\/span><\/a><\/div><\/div><\/div><\/div><div class=\"wpb_column vc_column_container vc_col-sm-4\"><div class=\"vc_column-inner\"><div class=\"wpb_wrapper\"><style type=\"text\/css\" data-type=\"the7_shortcodes-inline-css\">#default-btn-47ce88c620a4c976cedd2f52a6ce6ddf.ico-right-side > i {\n  margin-right: 0px;\n  margin-left: 8px;\n}\n#default-btn-47ce88c620a4c976cedd2f52a6ce6ddf > i {\n  margin-right: 8px;\n}<\/style><div class=\"btn-align-center\"><a href=\"https:\/\/biooekonomie.uni-greifswald.de\/diskussionsthema-8-thema-biooekonomie\/\" class=\"default-btn-shortcode dt-btn dt-btn-l link-hover-off  vc_custom_1676543426746\" target=\"_blank\" id=\"default-btn-47ce88c620a4c976cedd2f52a6ce6ddf\" style=\"width:300px;\" rel=\"noopener\"><span>ZUR DISKUSSION<\/span><\/a><\/div><\/div><\/div><\/div><\/div><div class=\"vc_row wpb_row vc_row-fluid vc_row-o-equal-height vc_row-flex\"><div class=\"wpb_column vc_column_container vc_col-sm-4 vc_col-sm-offset-0\"><div class=\"vc_column-inner vc_custom_1591028140636\"><div class=\"wpb_wrapper\">\n\t<div class=\"wpb_text_column wpb_content_element  vc_custom_1676540379183\" >\n\t\t<div class=\"wpb_wrapper\">\n\t\t\t<p>Die biobasierte Regionalentwicklung k\u00f6nnte ein wichtiger Baustein zur Gestaltung einer nachhaltigen Region werden. Vielleicht lebst du bereits nachhaltig und hast Vorschl\u00e4ge, die Plant\u00b3 und alle, die zur Bio\u00f6konomie diskutieren, unbedingt ber\u00fccksichtigen sollten?<\/p>\n\n\t\t<\/div>\n\t<\/div>\n<\/div><\/div><\/div><div class=\"wpb_column vc_column_container vc_col-sm-4\"><div class=\"vc_column-inner\"><div class=\"wpb_wrapper\"><\/div><\/div><\/div><\/div><div class=\"vc_row wpb_row vc_row-fluid vc_row-o-equal-height vc_row-flex\"><div class=\"wpb_column vc_column_container vc_col-sm-4 vc_col-sm-offset-0\"><div class=\"vc_column-inner vc_custom_1591028140636\"><div class=\"wpb_wrapper\">\n\t<div class=\"wpb_text_column wpb_content_element  vc_custom_1676540421272\" >\n\t\t<div class=\"wpb_wrapper\">\n\t\t\t<p style=\"text-align: center;\"><strong>Welche Themen sollten in der Bio\u00f6konomie unbedingt st\u00e4rker diskutiert werden?<\/strong><\/p>\n\n\t\t<\/div>\n\t<\/div>\n<\/div><\/div><\/div><div class=\"wpb_column vc_column_container vc_col-sm-4\"><div class=\"vc_column-inner\"><div class=\"wpb_wrapper\"><\/div><\/div><\/div><\/div><div class=\"vc_row wpb_row vc_row-fluid vc_row-o-equal-height vc_row-flex\"><div class=\"wpb_column vc_column_container vc_col-sm-4 vc_col-sm-offset-0\"><div class=\"vc_column-inner vc_custom_1591028140636\"><div class=\"wpb_wrapper\"><style type=\"text\/css\" data-type=\"the7_shortcodes-inline-css\">#default-btn-2567febe9427bd3438fc333fb41b2d6c.ico-right-side > i {\n  margin-right: 0px;\n  margin-left: 8px;\n}\n#default-btn-2567febe9427bd3438fc333fb41b2d6c > i {\n  margin-right: 8px;\n}<\/style><div class=\"btn-align-center\"><a href=\"https:\/\/biooekonomie.uni-greifswald.de\/diskussionsthema-9-thema-biooekonomie\/\" class=\"default-btn-shortcode dt-btn dt-btn-l link-hover-off  vc_custom_1676543555353\" target=\"_blank\" id=\"default-btn-2567febe9427bd3438fc333fb41b2d6c\" style=\"width:300px;\" rel=\"noopener\"><span>ZUR DISKUSSION<\/span><\/a><\/div><\/div><\/div><\/div><div class=\"wpb_column vc_column_container vc_col-sm-4\"><div class=\"vc_column-inner\"><div class=\"wpb_wrapper\"><\/div><\/div><\/div><\/div><div class=\"vc_row wpb_row vc_row-fluid\"><div class=\"wpb_column vc_column_container vc_col-sm-12\"><div class=\"vc_column-inner\"><div class=\"wpb_wrapper\"><div class=\"vc_empty_space\"   style=\"height: 32px\"><span class=\"vc_empty_space_inner\"><\/span><\/div><\/div><\/div><\/div><div class=\"wpb_column vc_column_container vc_col-sm-12\"><div class=\"vc_column-inner\"><div class=\"wpb_wrapper\">\n\t<div class=\"wpb_text_column wpb_content_element \" >\n\t\t<div class=\"wpb_wrapper\">\n\t\t\t<p><strong>Ansprechpartner:<\/strong><\/p>\n<p>Daniel Trebing<\/p>\n<p>Universit\u00e4t Greifswald<br \/>\nInstitut f\u00fcr Geographie und Geologie<br \/>\nLehrstuhl f\u00fcr Humangeographie<\/p>\n<p>Friedrich-Ludwig-Jahn-Str. 17a<br \/>\n17489 Greifswald<\/p>\n<p>Telefon: +49 3834 420-4534<br \/>\nE-Mail: daniel.trebing@uni-greifswald.de<\/p>\n\n\t\t<\/div>\n\t<\/div>\n<div class=\"vc_row wpb_row vc_inner vc_row-fluid\"><div class=\"wpb_column vc_column_container vc_col-sm-12\"><div class=\"vc_column-inner\"><div class=\"wpb_wrapper\"><div class=\"vc_empty_space\"   style=\"height: 90px\"><span class=\"vc_empty_space_inner\"><\/span><\/div><\/div><\/div><\/div><\/div><\/div><\/div><\/div><div class=\"wpb_column vc_column_container vc_col-sm-12\"><div class=\"vc_column-inner\"><div class=\"wpb_wrapper\"><\/div><\/div><\/div><\/div>\n<\/div>","protected":false},"excerpt":{"rendered":"<p>Region Stell dir vor, du erz\u00e4hlst jemandem von Vorpommern. Du erz\u00e4hlst der Person, woher du kommst, und was diese Region ausmacht. Was w\u00fcrdest du ihr erz\u00e4hlen? Nun erz\u00e4hle einer fremden Person, was besonders sch\u00f6n in Vorpommern ist, oder was besonders gut in der Region funktioniert! Was l\u00e4uft in Vorpommern zu Zeit nicht gut? Wo gibt&hellip;<\/p>","protected":false},"author":5,"featured_media":0,"parent":0,"menu_order":0,"comment_status":"closed","ping_status":"closed","template":"","meta":{"footnotes":""},"class_list":["post-54698","page","type-page","status-publish","hentry","description-off"],"_links":{"self":[{"href":"https:\/\/biooekonomie.uni-greifswald.de\/en\/wp-json\/wp\/v2\/pages\/54698","targetHints":{"allow":["GET"]}}],"collection":[{"href":"https:\/\/biooekonomie.uni-greifswald.de\/en\/wp-json\/wp\/v2\/pages"}],"about":[{"href":"https:\/\/biooekonomie.uni-greifswald.de\/en\/wp-json\/wp\/v2\/types\/page"}],"author":[{"embeddable":true,"href":"https:\/\/biooekonomie.uni-greifswald.de\/en\/wp-json\/wp\/v2\/users\/5"}],"replies":[{"embeddable":true,"href":"https:\/\/biooekonomie.uni-greifswald.de\/en\/wp-json\/wp\/v2\/comments?post=54698"}],"version-history":[{"count":34,"href":"https:\/\/biooekonomie.uni-greifswald.de\/en\/wp-json\/wp\/v2\/pages\/54698\/revisions"}],"predecessor-version":[{"id":55316,"href":"https:\/\/biooekonomie.uni-greifswald.de\/en\/wp-json\/wp\/v2\/pages\/54698\/revisions\/55316"}],"wp:attachment":[{"href":"https:\/\/biooekonomie.uni-greifswald.de\/en\/wp-json\/wp\/v2\/media?parent=54698"}],"curies":[{"name":"wp","href":"https:\/\/api.w.org\/{rel}","templated":true}]}}