{"id":55202,"date":"2023-02-22T12:44:56","date_gmt":"2023-02-22T11:44:56","guid":{"rendered":"https:\/\/biooekonomie.uni-greifswald.de\/?page_id=55202"},"modified":"2023-02-22T14:09:51","modified_gmt":"2023-02-22T13:09:51","slug":"fokus-feinchemikalien-phytopharmaka","status":"publish","type":"page","link":"https:\/\/biooekonomie.uni-greifswald.de\/en\/home\/fokus-feinchemikalien-phytopharmaka\/","title":{"rendered":"Fine Chemicals &amp; Phytopharmaceuticals"},"content":{"rendered":"<div class=\"wpb-content-wrapper\"><div id=\"about\" class=\"vc_row wpb_row vc_row-fluid vc_custom_1572631450078\"><div class=\"wpb_column vc_column_container vc_col-sm-8\"><div class=\"vc_column-inner vc_custom_1572539262054\"><div class=\"wpb_wrapper\"><div id=\"ultimate-heading-951669da3857bfa37\" class=\"uvc-heading ult-adjust-bottom-margin ultimate-heading-951669da3857bfa37 uvc-6349\" data-hspacer=\"no_spacer\"  data-halign=\"left\" style=\"text-align:left\"><div class=\"uvc-heading-spacer no_spacer\" style=\"top\"><\/div><div class=\"uvc-main-heading ult-responsive\"  data-ultimate-target='.uvc-heading.ultimate-heading-951669da3857bfa37 h2'  data-responsive-json-new='{\"font-size\":\"desktop:90px;mobile_landscape:60px;mobile:45px;\",\"line-height\":\"desktop:100px;mobile_landscape:70px;mobile:70px;\"}' ><h2 style=\"font-weight:bold;color:rgba(0,0,0,0.08);margin-bottom:-45px;\">*FOCUS AREA<\/h2><\/div><\/div><div id=\"ultimate-heading-483969da3857bfaf1\" class=\"uvc-heading ult-adjust-bottom-margin ultimate-heading-483969da3857bfaf1 uvc-6230\" data-hspacer=\"no_spacer\"  data-halign=\"left\" style=\"text-align:left\"><div class=\"uvc-heading-spacer no_spacer\" style=\"top\"><\/div><div class=\"uvc-main-heading ult-responsive\"  data-ultimate-target='.uvc-heading.ultimate-heading-483969da3857bfaf1 h2'  data-responsive-json-new='{\"font-size\":\"desktop:38px;mobile_landscape:30px;\",\"line-height\":\"desktop:48px;mobile_landscape:40px;\"}' ><h2 style=\"font-weight:bold;\">FINE CHEMICALS &amp; PHYTOPHARMACEUTICALS<\/h2><\/div><\/div><\/div><\/div><\/div><div class=\"wpb_column vc_column_container vc_col-sm-12 vc_col-lg-offset-0 vc_col-lg-12 vc_col-md-offset-0 vc_col-md-12\"><div class=\"vc_column-inner\"><div class=\"wpb_wrapper\"><div class=\"vc_row wpb_row vc_inner vc_row-fluid vc_custom_1593607141367 vc_row-o-equal-height vc_row-o-content-middle vc_row-flex\"><div class=\"wpb_column vc_column_container vc_col-sm-4 vc_col-lg-offset-0 vc_col-lg-4 vc_col-md-offset-0 vc_col-md-4 vc_col-sm-offset-0 vc_col-xs-offset-2 vc_col-xs-8\"><div class=\"vc_column-inner vc_custom_1572541157143\"><div class=\"wpb_wrapper\"><style type=\"text\/css\" data-type=\"the7_shortcodes-inline-css\">.shortcode-single-image-wrap.shortcode-single-image-390f99812b7c3dcb24e5e1c7123bbaaf.enable-bg-rollover .rollover i,\n.shortcode-single-image-wrap.shortcode-single-image-390f99812b7c3dcb24e5e1c7123bbaaf.enable-bg-rollover .rollover-video i {\n  background: ;\n  background: -webkit-linear-gradient();\n  background: linear-gradient();\n}\n.shortcode-single-image-wrap.shortcode-single-image-390f99812b7c3dcb24e5e1c7123bbaaf .rollover-icon {\n  font-size: 32px;\n  color: #ffffff;\n  min-width: 44px;\n  min-height: 44px;\n  line-height: 44px;\n  border-radius: 100px;\n  border-style: solid;\n  border-width: 0px;\n}\n.dt-icon-bg-on.shortcode-single-image-wrap.shortcode-single-image-390f99812b7c3dcb24e5e1c7123bbaaf .rollover-icon {\n  background: rgba(255,255,255,0.3);\n  box-shadow: none;\n}<\/style><div class=\"shortcode-single-image-wrap shortcode-single-image-390f99812b7c3dcb24e5e1c7123bbaaf alignnone fadeIn animate-element  enable-bg-rollover dt-icon-bg-off\" style=\"margin-top:0px; margin-bottom:0px; margin-left:0px; margin-right:0px; width:800px;\"><div class=\"shortcode-single-image\"><div class=\"fancy-media-wrap  layzr-bg\" style=\"border-radius:1000px;\"><img fetchpriority=\"high\" decoding=\"async\" class=\"preload-me lazy-load aspect\" src=\"data:image\/svg+xml,%3Csvg%20xmlns%3D&#39;http%3A%2F%2Fwww.w3.org%2F2000%2Fsvg&#39;%20viewBox%3D&#39;0%200%20800%20800&#39;%2F%3E\" data-src=\"https:\/\/biooekonomie.uni-greifswald.de\/wp-content\/uploads\/2023\/02\/FP-modified-800x800.png\" data-srcset=\"https:\/\/biooekonomie.uni-greifswald.de\/wp-content\/uploads\/2023\/02\/FP-modified-800x800.png 800w, https:\/\/biooekonomie.uni-greifswald.de\/wp-content\/uploads\/2023\/02\/FP-modified.png 865w\" loading=\"eager\" sizes=\"(max-width: 800px) 100vw, 800px\" width=\"800\" height=\"800\"  data-dt-location=\"https:\/\/biooekonomie.uni-greifswald.de\/en\/home\/fokus-baumaterialien\/fp-modified\/\" style=\"--ratio: 800 \/ 800;border-radius:1000px;\" alt=\"\" \/><\/div><\/div><\/div><\/div><\/div><\/div><div class=\"wpb_column vc_column_container vc_col-sm-8 vc_col-lg-8 vc_col-md-8\"><div class=\"vc_column-inner vc_custom_1572541164169\"><div class=\"wpb_wrapper\"><div id=\"ultimate-heading-717369da3857c1a61\" class=\"uvc-heading ult-adjust-bottom-margin ultimate-heading-717369da3857c1a61 uvc-6068 accent-subtitle-color\" data-hspacer=\"no_spacer\"  data-halign=\"left\" style=\"text-align:left\"><div class=\"uvc-heading-spacer no_spacer\" style=\"top\"><\/div><div class=\"uvc-main-heading ult-responsive\"  data-ultimate-target='.uvc-heading.ultimate-heading-717369da3857c1a61 h2'  data-responsive-json-new='{\"font-size\":\"desktop:28px;mobile_landscape:30px;\",\"line-height\":\"desktop:38px;mobile_landscape:40px;\"}' ><h2 style=\"font-weight:bold;margin-bottom:5px;\">BRIEFLY EXPLAINED<\/h2><\/div><\/div><div id=\"ultimate-heading-43869da3857c1adf\" class=\"uvc-heading ult-adjust-bottom-margin ultimate-heading-43869da3857c1adf uvc-7662  uvc-heading-default-font-sizes\" data-hspacer=\"no_spacer\"  data-halign=\"left\" style=\"text-align:left\"><div class=\"uvc-heading-spacer no_spacer\" style=\"top\"><\/div><div class=\"uvc-sub-heading ult-responsive\"  data-ultimate-target='.uvc-heading.ultimate-heading-43869da3857c1adf .uvc-sub-heading '  data-responsive-json-new='{\"font-size\":\"desktop:18px;\",\"line-height\":\"desktop:32px;\"}'  style=\"font-weight:normal;\">The demand for bio-based fine chemicals for industrial use is growing, together with the demand for pharmaceutical remedies that are not synthetic but plant-based and of demonstrably high quality. About 70% of the medicinal plants needed in Germany for the production of phytopharmaceuticals are imported. However, wild collections in the countries of origin threaten biodiversity and a consistently high quality is often not guaranteed. The Plant\u00b3 Alliance therefore specifically promotes the cultivation and use of regionally grown medicinal plants for phytopharmaceuticals and the use of biological resources for the production of fine chemicals.<\/div><\/div><\/div><\/div><\/div><\/div><\/div><\/div><\/div><\/div><!-- Row Backgrounds --><div class=\"upb_color\" data-bg-override=\"ex-full\" data-bg-color=\"#ffffff\" data-fadeout=\"\" data-fadeout-percentage=\"30\" data-parallax-content=\"\" data-parallax-content-sense=\"30\" data-row-effect-mobile-disable=\"true\" data-img-parallax-mobile-disable=\"true\" data-rtl=\"false\"  data-custom-vc-row=\"\"  data-vc=\"8.7.2\"  data-is_old_vc=\"\"  data-theme-support=\"\"   data-overlay=\"false\" data-overlay-color=\"\" data-overlay-pattern=\"\" data-overlay-pattern-opacity=\"\" data-overlay-pattern-size=\"\"    ><\/div>\n<\/div>","protected":false},"excerpt":{"rendered":"<p>*FOKUSFEINCHEMIKALIEN &amp; PHYTOPHARMAKAKurz erkl\u00e4rtDie Nachfrage nach biobasierten Feinchemikalien, die in der Industrie genutzt werden, w\u00e4chst ebenso wie die Nachfrage nach pharmazeutischen Heilstoffen, die nicht auf synthetischer, sondern auf pflanzlicher Basis in nachweislich hoher Qualit\u00e4t gewonnen werden. Circa 70% der Heilpflanzen, die in Deutschland f\u00fcr die Herstellung von Phytopharmaka ben\u00f6tigt werden, werden importiert. Wildsammlungen in den&hellip;<\/p>","protected":false},"author":5,"featured_media":0,"parent":363,"menu_order":20,"comment_status":"closed","ping_status":"closed","template":"template-microsite.php","meta":{"footnotes":""},"class_list":["post-55202","page","type-page","status-publish","hentry","description-off"],"_links":{"self":[{"href":"https:\/\/biooekonomie.uni-greifswald.de\/en\/wp-json\/wp\/v2\/pages\/55202","targetHints":{"allow":["GET"]}}],"collection":[{"href":"https:\/\/biooekonomie.uni-greifswald.de\/en\/wp-json\/wp\/v2\/pages"}],"about":[{"href":"https:\/\/biooekonomie.uni-greifswald.de\/en\/wp-json\/wp\/v2\/types\/page"}],"author":[{"embeddable":true,"href":"https:\/\/biooekonomie.uni-greifswald.de\/en\/wp-json\/wp\/v2\/users\/5"}],"replies":[{"embeddable":true,"href":"https:\/\/biooekonomie.uni-greifswald.de\/en\/wp-json\/wp\/v2\/comments?post=55202"}],"version-history":[{"count":4,"href":"https:\/\/biooekonomie.uni-greifswald.de\/en\/wp-json\/wp\/v2\/pages\/55202\/revisions"}],"predecessor-version":[{"id":55239,"href":"https:\/\/biooekonomie.uni-greifswald.de\/en\/wp-json\/wp\/v2\/pages\/55202\/revisions\/55239"}],"up":[{"embeddable":true,"href":"https:\/\/biooekonomie.uni-greifswald.de\/en\/wp-json\/wp\/v2\/pages\/363"}],"wp:attachment":[{"href":"https:\/\/biooekonomie.uni-greifswald.de\/en\/wp-json\/wp\/v2\/media?parent=55202"}],"curies":[{"name":"wp","href":"https:\/\/api.w.org\/{rel}","templated":true}]}}