{"id":55204,"date":"2023-02-22T12:40:05","date_gmt":"2023-02-22T11:40:05","guid":{"rendered":"https:\/\/biooekonomie.uni-greifswald.de\/?page_id=55204"},"modified":"2023-02-22T14:05:23","modified_gmt":"2023-02-22T13:05:23","slug":"fokus-baumaterialien","status":"publish","type":"page","link":"https:\/\/biooekonomie.uni-greifswald.de\/en\/home\/fokus-baumaterialien\/","title":{"rendered":"Building Materials"},"content":{"rendered":"<div class=\"wpb-content-wrapper\"><div id=\"about\" class=\"vc_row wpb_row vc_row-fluid vc_custom_1572631450078\"><div class=\"wpb_column vc_column_container vc_col-sm-8\"><div class=\"vc_column-inner vc_custom_1572539262054\"><div class=\"wpb_wrapper\"><div id=\"ultimate-heading-65686a0293e82bcd9\" class=\"uvc-heading ult-adjust-bottom-margin ultimate-heading-65686a0293e82bcd9 uvc-4452\" data-hspacer=\"no_spacer\"  data-halign=\"left\" style=\"text-align:left\"><div class=\"uvc-heading-spacer no_spacer\" style=\"top\"><\/div><div class=\"uvc-main-heading ult-responsive\"  data-ultimate-target='.uvc-heading.ultimate-heading-65686a0293e82bcd9 h2'  data-responsive-json-new='{\"font-size\":\"desktop:90px;mobile_landscape:60px;mobile:45px;\",\"line-height\":\"desktop:100px;mobile_landscape:70px;mobile:70px;\"}' ><h2 style=\"font-weight:bold;color:rgba(0,0,0,0.08);margin-bottom:-45px;\">*FOCUS AREA<\/h2><\/div><\/div><div id=\"ultimate-heading-30856a0293e82bd55\" class=\"uvc-heading ult-adjust-bottom-margin ultimate-heading-30856a0293e82bd55 uvc-3532\" data-hspacer=\"no_spacer\"  data-halign=\"left\" style=\"text-align:left\"><div class=\"uvc-heading-spacer no_spacer\" style=\"top\"><\/div><div class=\"uvc-main-heading ult-responsive\"  data-ultimate-target='.uvc-heading.ultimate-heading-30856a0293e82bd55 h2'  data-responsive-json-new='{\"font-size\":\"desktop:38px;mobile_landscape:30px;\",\"line-height\":\"desktop:48px;mobile_landscape:40px;\"}' ><h2 style=\"font-weight:bold;\">BUILDING MATERIALS<\/h2><\/div><\/div><\/div><\/div><\/div><div class=\"wpb_column vc_column_container vc_col-sm-12 vc_col-lg-offset-0 vc_col-lg-12 vc_col-md-offset-0 vc_col-md-12\"><div class=\"vc_column-inner\"><div class=\"wpb_wrapper\"><div class=\"vc_row wpb_row vc_inner vc_row-fluid vc_custom_1593607141367 vc_row-o-equal-height vc_row-o-content-middle vc_row-flex\"><div class=\"wpb_column vc_column_container vc_col-sm-4 vc_col-lg-offset-0 vc_col-lg-4 vc_col-md-offset-0 vc_col-md-4 vc_col-sm-offset-0 vc_col-xs-offset-2 vc_col-xs-8\"><div class=\"vc_column-inner vc_custom_1572541157143\"><div class=\"wpb_wrapper\"><style type=\"text\/css\" data-type=\"the7_shortcodes-inline-css\">.shortcode-single-image-wrap.shortcode-single-image-7f09ebfc8b437a87bfd94226ed7b296f.enable-bg-rollover .rollover i,\n.shortcode-single-image-wrap.shortcode-single-image-7f09ebfc8b437a87bfd94226ed7b296f.enable-bg-rollover .rollover-video i {\n  background: ;\n  background: -webkit-linear-gradient();\n  background: linear-gradient();\n}\n.shortcode-single-image-wrap.shortcode-single-image-7f09ebfc8b437a87bfd94226ed7b296f .rollover-icon {\n  font-size: 32px;\n  color: #ffffff;\n  min-width: 44px;\n  min-height: 44px;\n  line-height: 44px;\n  border-radius: 100px;\n  border-style: solid;\n  border-width: 0px;\n}\n.dt-icon-bg-on.shortcode-single-image-wrap.shortcode-single-image-7f09ebfc8b437a87bfd94226ed7b296f .rollover-icon {\n  background: rgba(255,255,255,0.3);\n  box-shadow: none;\n}<\/style><div class=\"shortcode-single-image-wrap shortcode-single-image-7f09ebfc8b437a87bfd94226ed7b296f alignnone fadeIn animate-element  enable-bg-rollover dt-icon-bg-off\" style=\"margin-top:0px; margin-bottom:0px; margin-left:0px; margin-right:0px; width:800px;\"><div class=\"shortcode-single-image\"><div class=\"fancy-media-wrap  layzr-bg\" style=\"border-radius:1000px;\"><img fetchpriority=\"high\" decoding=\"async\" class=\"preload-me lazy-load aspect\" src=\"data:image\/svg+xml,%3Csvg%20xmlns%3D&#39;http%3A%2F%2Fwww.w3.org%2F2000%2Fsvg&#39;%20viewBox%3D&#39;0%200%20800%20800&#39;%2F%3E\" data-src=\"https:\/\/biooekonomie.uni-greifswald.de\/wp-content\/uploads\/2023\/02\/Design-ohne-Titel-modified-800x800.png\" data-srcset=\"https:\/\/biooekonomie.uni-greifswald.de\/wp-content\/uploads\/2023\/02\/Design-ohne-Titel-modified-800x800.png 800w, https:\/\/biooekonomie.uni-greifswald.de\/wp-content\/uploads\/2023\/02\/Design-ohne-Titel-modified.png 944w\" loading=\"eager\" sizes=\"(max-width: 800px) 100vw, 800px\" width=\"800\" height=\"800\"  data-dt-location=\"https:\/\/biooekonomie.uni-greifswald.de\/en\/home\/fokus-baumaterialien\/design-ohne-titel-modified\/\" style=\"--ratio: 800 \/ 800;border-radius:1000px;\" alt=\"\" \/><\/div><\/div><\/div><\/div><\/div><\/div><div class=\"wpb_column vc_column_container vc_col-sm-8 vc_col-lg-8 vc_col-md-8\"><div class=\"vc_column-inner vc_custom_1572541164169\"><div class=\"wpb_wrapper\"><div id=\"ultimate-heading-59496a0293e82cedf\" class=\"uvc-heading ult-adjust-bottom-margin ultimate-heading-59496a0293e82cedf uvc-2405 accent-subtitle-color\" data-hspacer=\"no_spacer\"  data-halign=\"left\" style=\"text-align:left\"><div class=\"uvc-heading-spacer no_spacer\" style=\"top\"><\/div><div class=\"uvc-main-heading ult-responsive\"  data-ultimate-target='.uvc-heading.ultimate-heading-59496a0293e82cedf h2'  data-responsive-json-new='{\"font-size\":\"desktop:28px;mobile_landscape:30px;\",\"line-height\":\"desktop:38px;mobile_landscape:40px;\"}' ><h2 style=\"font-weight:bold;margin-bottom:5px;\">BRIEFLY EXPLAINED<\/h2><\/div><\/div><div id=\"ultimate-heading-51936a0293e82cf34\" class=\"uvc-heading ult-adjust-bottom-margin ultimate-heading-51936a0293e82cf34 uvc-4654  uvc-heading-default-font-sizes\" data-hspacer=\"no_spacer\"  data-halign=\"left\" style=\"text-align:left\"><div class=\"uvc-heading-spacer no_spacer\" style=\"top\"><\/div><div class=\"uvc-sub-heading ult-responsive\"  data-ultimate-target='.uvc-heading.ultimate-heading-51936a0293e82cf34 .uvc-sub-heading '  data-responsive-json-new='{\"font-size\":\"desktop:18px;\",\"line-height\":\"desktop:32px;\"}'  style=\"font-weight:normal;\">Increased construction activity, supply bottlenecks and production declines due to the Corona pandemic as well as the limited availability of many raw materials, result in classic building materials such as concrete, steel, glass and wood not being available in sufficient quantities to meet market demand and becoming increasingly expensive. In addition, the construction sector is responsible for around 40 percent of EU-wide energy consumption and one third of EU greenhouse gas emissions. \nThis makes the use of sustainable and renewable building materials not only sensible, but inevitable. They grow back faster than they are consumed, require less energy to produce, are not harmful to health and do not pose a threat to the environment. Raw materials growing in Vorpommern can be used for this purpose, especially straw, hemp, seaweed and driftwood as well as wet meadow grasses, reeds and cattails from rewetted moorland. How products can be developed and sustainably produced from these within the region is the focus of the activities of the bioeconomy alliance Plant\u00b3.<\/p>\n<p>Plant\u00b3 is a member of the Alliance for Sustainable Building in MV: <a href=\"https:\/\/www.ihk.de\/schwerin\/standortpolitik\/regional-und-stadtentwicklung\/hochschulen-westmecklenburg\/allianz-fuer-nachhaltiges-bauen-in-mv-5628018\">https:\/\/www.ihk.de\/schwerin\/standortpolitik\/regional-und-stadtentwicklung\/hochschulen-westmecklenburg\/allianz-fuer-nachhaltiges-bauen-in-mv-5628018<\/a><\/div><\/div><\/div><\/div><\/div><\/div><\/div><\/div><\/div><\/div><!-- Row Backgrounds --><div class=\"upb_color\" data-bg-override=\"ex-full\" data-bg-color=\"#ffffff\" data-fadeout=\"\" data-fadeout-percentage=\"30\" data-parallax-content=\"\" data-parallax-content-sense=\"30\" data-row-effect-mobile-disable=\"true\" data-img-parallax-mobile-disable=\"true\" data-rtl=\"false\"  data-custom-vc-row=\"\"  data-vc=\"8.7.2\"  data-is_old_vc=\"\"  data-theme-support=\"\"   data-overlay=\"false\" data-overlay-color=\"\" data-overlay-pattern=\"\" data-overlay-pattern-opacity=\"\" data-overlay-pattern-size=\"\"    ><\/div>\n<\/div>","protected":false},"excerpt":{"rendered":"<p>*FOKUSBAUMATERIALIENKurz erkl\u00e4rtGesteigerte Bauaktivit\u00e4ten, Lieferengp\u00e4sse und Produktionsr\u00fcckg\u00e4nge wegen der Corona-Pandemie sowie die begrenzte Verf\u00fcgbarkeit vieler Rohstoffe f\u00fchren dazu, dass klassische Baustoffe wie Beton, Stahl, Glas und Holz nicht in ausreichender Menge zur Deckung des Marktbedarfs verf\u00fcgbar sind und immer teurer werden. Hinzu kommt, dass das Baugewerbe f\u00fcr rund 40 Prozent des EU-weiten Energieverbrauchs und ein Drittel&hellip;<\/p>","protected":false},"author":5,"featured_media":0,"parent":363,"menu_order":20,"comment_status":"closed","ping_status":"closed","template":"template-microsite.php","meta":{"footnotes":""},"class_list":["post-55204","page","type-page","status-publish","hentry","description-off"],"_links":{"self":[{"href":"https:\/\/biooekonomie.uni-greifswald.de\/en\/wp-json\/wp\/v2\/pages\/55204","targetHints":{"allow":["GET"]}}],"collection":[{"href":"https:\/\/biooekonomie.uni-greifswald.de\/en\/wp-json\/wp\/v2\/pages"}],"about":[{"href":"https:\/\/biooekonomie.uni-greifswald.de\/en\/wp-json\/wp\/v2\/types\/page"}],"author":[{"embeddable":true,"href":"https:\/\/biooekonomie.uni-greifswald.de\/en\/wp-json\/wp\/v2\/users\/5"}],"replies":[{"embeddable":true,"href":"https:\/\/biooekonomie.uni-greifswald.de\/en\/wp-json\/wp\/v2\/comments?post=55204"}],"version-history":[{"count":3,"href":"https:\/\/biooekonomie.uni-greifswald.de\/en\/wp-json\/wp\/v2\/pages\/55204\/revisions"}],"predecessor-version":[{"id":55236,"href":"https:\/\/biooekonomie.uni-greifswald.de\/en\/wp-json\/wp\/v2\/pages\/55204\/revisions\/55236"}],"up":[{"embeddable":true,"href":"https:\/\/biooekonomie.uni-greifswald.de\/en\/wp-json\/wp\/v2\/pages\/363"}],"wp:attachment":[{"href":"https:\/\/biooekonomie.uni-greifswald.de\/en\/wp-json\/wp\/v2\/media?parent=55204"}],"curies":[{"name":"wp","href":"https:\/\/api.w.org\/{rel}","templated":true}]}}